{"id":57341,"date":"2020-06-12T13:05:47","date_gmt":"2020-06-12T11:05:47","guid":{"rendered":"https:\/\/terra-bratislava.sk\/product\/abeceskonyv-1-resz-2-resz-szivarvany\/"},"modified":"2021-10-20T09:53:35","modified_gmt":"2021-10-20T07:53:35","slug":"slabikar-1-cast-2-cast","status":"publish","type":"product","link":"https:\/\/terra-bratislava.sk\/sk\/produkt\/slabikar-1-cast-2-cast\/","title":{"rendered":"\u0160labik\u00e1r-1.\u010das\u0165 +2.\u010das\u0165"},"content":{"rendered":"<p>\u0160labik\u00e1r je spracovan\u00fd do dvoch \u010dast\u00ed, pod\u013ea po\u017eiadaviek \u0160VP a pr\u00edloh ISCED 1. Koncepcia je zalo\u017een\u00e1 na hl\u00e1skovej-analiticko-syntetickej met\u00f3de. U\u010debnicu schv\u00e1lilo M\u0160VV a \u0160 SR 30.4.2021.<\/p>\n","protected":false},"excerpt":{"rendered":"<p>\u0160labik\u00e1r je spracovan\u00fd do dvoch \u010dast\u00ed, pod\u013ea po\u017eiadaviek \u0160VP a pr\u00edloh ISCED 1. Koncepcia je zalo\u017een\u00e1 na hl\u00e1skovej-analiticko-syntetickej met\u00f3de. U\u010debnicu schv\u00e1lilo M\u0160VV a \u0160 SR 30.4.2021. <a href=\"#ai1hu_02\" data-fb-id=\"ai1hu_02\" data-fb-fs=\"#ededed|95|true\" class=\"rfbwp-popup-book button \">Uk\u00e1\u017eka<\/a><\/p>\n","protected":false},"featured_media":55263,"template":"","meta":[],"product_cat":[286,385,290,292],"product_tag":[],"_links":{"self":[{"href":"https:\/\/terra-bratislava.sk\/sk\/wp-json\/wp\/v2\/product\/57341"}],"collection":[{"href":"https:\/\/terra-bratislava.sk\/sk\/wp-json\/wp\/v2\/product"}],"about":[{"href":"https:\/\/terra-bratislava.sk\/sk\/wp-json\/wp\/v2\/types\/product"}],"wp:featuredmedia":[{"embeddable":true,"href":"https:\/\/terra-bratislava.sk\/sk\/wp-json\/wp\/v2\/media\/55263"}],"wp:attachment":[{"href":"https:\/\/terra-bratislava.sk\/sk\/wp-json\/wp\/v2\/media?parent=57341"}],"wp:term":[{"taxonomy":"product_cat","embeddable":true,"href":"https:\/\/terra-bratislava.sk\/sk\/wp-json\/wp\/v2\/product_cat?post=57341"},{"taxonomy":"product_tag","embeddable":true,"href":"https:\/\/terra-bratislava.sk\/sk\/wp-json\/wp\/v2\/product_tag?post=57341"}],"curies":[{"name":"wp","href":"https:\/\/api.w.org\/{rel}","templated":true}]}}