{"id":57345,"date":"2018-08-23T12:57:24","date_gmt":"2018-08-23T10:57:24","guid":{"rendered":"https:\/\/terra-bratislava.sk\/product\/abeceskonyv-2-resz-szivarvany\/"},"modified":"2023-05-31T13:32:06","modified_gmt":"2023-05-31T11:32:06","slug":"abeceskonyv-2-resz-szivarvany","status":"publish","type":"product","link":"https:\/\/terra-bratislava.sk\/sk\/produkt\/abeceskonyv-2-resz-szivarvany\/","title":{"rendered":"\u0160labik\u00e1r 2.\u010das\u0165"},"content":{"rendered":"<p>\u0160labik\u00e1r je spracovan\u00fd do dvoch \u010dast\u00ed, pod\u013ea po\u017eiadaviek \u0160VP a pr\u00edloh ISCED 1. Koncepcia je zalo\u017een\u00e1 na hl\u00e1skovej-analiticko-syntetickej met\u00f3de. U\u010debnicu schv\u00e1lilo M\u0160VV a \u0160 SR 30.4.2021.<\/p>\n","protected":false},"excerpt":{"rendered":"<p>\u0160labik\u00e1r je spracovan\u00fd do dvoch \u010dast\u00ed, pod\u013ea po\u017eiadaviek \u0160VP a pr\u00edloh ISCED 1. Koncepcia je zalo\u017een\u00e1 na hl\u00e1skovej-analiticko-syntetickej met\u00f3de. U\u010debnicu schv\u00e1lilo M\u0160VV a \u0160 SR 30.4.2021.<\/p>\n<a href=\"#ai1hu_02\" data-fb-id=\"ai1hu_02\" data-fb-fs=\"#ededed|95|true\" class=\"rfbwp-popup-book button \">Uk\u00e1\u017eka<\/a>\n<p>&nbsp;<\/p>\n","protected":false},"featured_media":2837,"template":"","meta":[],"product_cat":[286,290],"product_tag":[],"_links":{"self":[{"href":"https:\/\/terra-bratislava.sk\/sk\/wp-json\/wp\/v2\/product\/57345"}],"collection":[{"href":"https:\/\/terra-bratislava.sk\/sk\/wp-json\/wp\/v2\/product"}],"about":[{"href":"https:\/\/terra-bratislava.sk\/sk\/wp-json\/wp\/v2\/types\/product"}],"wp:featuredmedia":[{"embeddable":true,"href":"https:\/\/terra-bratislava.sk\/sk\/wp-json\/wp\/v2\/media\/2837"}],"wp:attachment":[{"href":"https:\/\/terra-bratislava.sk\/sk\/wp-json\/wp\/v2\/media?parent=57345"}],"wp:term":[{"taxonomy":"product_cat","embeddable":true,"href":"https:\/\/terra-bratislava.sk\/sk\/wp-json\/wp\/v2\/product_cat?post=57345"},{"taxonomy":"product_tag","embeddable":true,"href":"https:\/\/terra-bratislava.sk\/sk\/wp-json\/wp\/v2\/product_tag?post=57345"}],"curies":[{"name":"wp","href":"https:\/\/api.w.org\/{rel}","templated":true}]}}