{"id":57347,"date":"2018-08-07T23:07:08","date_gmt":"2018-08-07T21:07:08","guid":{"rendered":"https:\/\/terra-bratislava.sk\/product\/munkafuzet-magyar-nyelvbol-az-alapiskola-9-osztalya-szamara\/"},"modified":"2024-05-28T10:58:46","modified_gmt":"2024-05-28T08:58:46","slug":"munkafuzet-magyar-nyelvbol-az-alapiskola-9-osztalya-szamara","status":"publish","type":"product","link":"https:\/\/terra-bratislava.sk\/sk\/produkt\/munkafuzet-magyar-nyelvbol-az-alapiskola-9-osztalya-szamara\/","title":{"rendered":"Munkaf\u00fczet magyar nyelvb\u0151l az alapiskola 9. oszt\u00e1lya sz\u00e1m\u00e1ra"},"content":{"rendered":"<p>Munkaf\u00fczeteink a miniszt\u00e9rium honlapj\u00e1n (edi\u010dn\u00fd port\u00e1l) megrendelhet\u0151 magyarnyelv-tank\u00f6nyvek tananyag\u00e1t eg\u00e9sz\u00edtik ki, \u00e9s \u00f6sszhangban vannak a 2015 szeptember\u00e9t\u0151l \u00e9rv\u00e9nyes \u00e1llami kerettantervvel (\u0160t\u00e1tny vzdel\u00e1vac\u00ed program &#8211; ISCED2).<\/p>\n<p>Szerz\u0151ik azonosak a tank\u00f6nyvek szerz\u0151ivel. A munkaf\u00fczetek csak a Terra Kiad\u00f3n\u00e1l rendelhet\u0151k meg.<\/p>\n","protected":false},"excerpt":{"rendered":"<p>Munkaf\u00fczeteink a miniszt\u00e9rium honlapj\u00e1n (edi\u010dn\u00fd port\u00e1l) megrendelhet\u0151 magyarnyelv-tank\u00f6nyvek tananyag\u00e1t eg\u00e9sz\u00edtik ki, \u00e9s \u00f6sszhangban vannak a 2015 szeptember\u00e9t\u0151l \u00e9rv\u00e9nyes \u00e1llami kerettantervvel (\u0160t\u00e1tny vzdel\u00e1vac\u00ed program &#8211; ISCED2). Szerz\u0151ik<span class=\"excerpt-hellip\"> [\u2026]<\/span><\/p>\n","protected":false},"featured_media":2950,"template":"","meta":[],"product_cat":[293,390,294,291,292],"product_tag":[],"_links":{"self":[{"href":"https:\/\/terra-bratislava.sk\/sk\/wp-json\/wp\/v2\/product\/57347"}],"collection":[{"href":"https:\/\/terra-bratislava.sk\/sk\/wp-json\/wp\/v2\/product"}],"about":[{"href":"https:\/\/terra-bratislava.sk\/sk\/wp-json\/wp\/v2\/types\/product"}],"wp:featuredmedia":[{"embeddable":true,"href":"https:\/\/terra-bratislava.sk\/sk\/wp-json\/wp\/v2\/media\/2950"}],"wp:attachment":[{"href":"https:\/\/terra-bratislava.sk\/sk\/wp-json\/wp\/v2\/media?parent=57347"}],"wp:term":[{"taxonomy":"product_cat","embeddable":true,"href":"https:\/\/terra-bratislava.sk\/sk\/wp-json\/wp\/v2\/product_cat?post=57347"},{"taxonomy":"product_tag","embeddable":true,"href":"https:\/\/terra-bratislava.sk\/sk\/wp-json\/wp\/v2\/product_tag?post=57347"}],"curies":[{"name":"wp","href":"https:\/\/api.w.org\/{rel}","templated":true}]}}