{"id":57352,"date":"2018-08-07T23:07:04","date_gmt":"2018-08-07T21:07:04","guid":{"rendered":"https:\/\/terra-bratislava.sk\/product\/olvasokonyv-az-1-osztaly-szamara-interaktiv-digitalis-tankonyv\/"},"modified":"2021-10-20T10:12:44","modified_gmt":"2021-10-20T08:12:44","slug":"olvasokonyv-az-1-osztaly-szamara-interaktiv-digitalis-tankonyv","status":"publish","type":"product","link":"https:\/\/terra-bratislava.sk\/sk\/produkt\/olvasokonyv-az-1-osztaly-szamara-interaktiv-digitalis-tankonyv\/","title":{"rendered":"\u010c\u00edtanka pre 1.ro\u010dn\u00edk-interakt\u00edvna digit\u00e1lna u\u010debnica"},"content":{"rendered":"<p>Obsah interakt\u00edvnej digit\u00e1lnej u\u010debnice s\u00fahlas\u00ed s obsahom tla\u010denej u\u010debnice. Na druhej strane obsahuje ozvu\u010den\u00e9 texty, dial\u00f3gy, interakt\u00edvne \u00falohy, anim\u00e1cie.<\/p>\n","protected":false},"excerpt":{"rendered":"<p>Obsah interakt\u00edvnej digit\u00e1lnej u\u010debnice s\u00fahlas\u00ed s obsahom tla\u010denej u\u010debnice. Na druhej strane obsahuje ozvu\u010den\u00e9 texty, dial\u00f3gy, interakt\u00edvne \u00falohy, anim\u00e1cie.<\/p>\n","protected":false},"featured_media":3026,"template":"","meta":[],"product_cat":[299],"product_tag":[],"_links":{"self":[{"href":"https:\/\/terra-bratislava.sk\/sk\/wp-json\/wp\/v2\/product\/57352"}],"collection":[{"href":"https:\/\/terra-bratislava.sk\/sk\/wp-json\/wp\/v2\/product"}],"about":[{"href":"https:\/\/terra-bratislava.sk\/sk\/wp-json\/wp\/v2\/types\/product"}],"wp:featuredmedia":[{"embeddable":true,"href":"https:\/\/terra-bratislava.sk\/sk\/wp-json\/wp\/v2\/media\/3026"}],"wp:attachment":[{"href":"https:\/\/terra-bratislava.sk\/sk\/wp-json\/wp\/v2\/media?parent=57352"}],"wp:term":[{"taxonomy":"product_cat","embeddable":true,"href":"https:\/\/terra-bratislava.sk\/sk\/wp-json\/wp\/v2\/product_cat?post=57352"},{"taxonomy":"product_tag","embeddable":true,"href":"https:\/\/terra-bratislava.sk\/sk\/wp-json\/wp\/v2\/product_tag?post=57352"}],"curies":[{"name":"wp","href":"https:\/\/api.w.org\/{rel}","templated":true}]}}