{"id":57358,"date":"2018-08-07T23:07:00","date_gmt":"2018-08-07T21:07:00","guid":{"rendered":"https:\/\/terra-bratislava.sk\/product\/irodalom-tankonyv-a-kozepfoku-szakmunkaskepzo-iskolak-2-osztalya-szamara-i-resz\/"},"modified":"2021-10-20T10:19:43","modified_gmt":"2021-10-20T08:19:43","slug":"irodalom-tankonyv-a-kozepfoku-szakmunkaskepzo-iskolak-2-osztalya-szamara-i-resz","status":"publish","type":"product","link":"https:\/\/terra-bratislava.sk\/sk\/produkt\/irodalom-tankonyv-a-kozepfoku-szakmunkaskepzo-iskolak-2-osztalya-szamara-i-resz\/","title":{"rendered":"Literat\u00fara-U\u010debnica pre 2.ro\u010dn\u00edk  u\u010debn\u00fdch odborov S\u0160 &#8211; I.\u010das\u0165"},"content":{"rendered":"<p>\u0160trukt\u00fara u\u010debnice je zalo\u017een\u00e1 na chronologickom spracovan\u00ed. Novinkou zo \u0161truktur\u00e1lneho h\u013eadiska a odklonom od tradi\u010dn\u00e9ho je, \u017ee sa zameriava na integr\u00e1ciu predmetov pomocou vymo\u017eenost\u00ed poskytovan\u00fdch po\u010d\u00edta\u010dom.<\/p>\n","protected":false},"excerpt":{"rendered":"<p>\u0160trukt\u00fara u\u010debnice je zalo\u017een\u00e1 na chronologickom spracovan\u00ed. Novinkou zo \u0161truktur\u00e1lneho h\u013eadiska a odklonom od tradi\u010dn\u00e9ho je, \u017ee sa zameriava na integr\u00e1ciu predmetov pomocou vymo\u017eenost\u00ed poskytovan\u00fdch po\u010d\u00edta\u010dom.<\/p>\n","protected":false},"featured_media":2980,"template":"","meta":[],"product_cat":[300],"product_tag":[],"_links":{"self":[{"href":"https:\/\/terra-bratislava.sk\/sk\/wp-json\/wp\/v2\/product\/57358"}],"collection":[{"href":"https:\/\/terra-bratislava.sk\/sk\/wp-json\/wp\/v2\/product"}],"about":[{"href":"https:\/\/terra-bratislava.sk\/sk\/wp-json\/wp\/v2\/types\/product"}],"wp:featuredmedia":[{"embeddable":true,"href":"https:\/\/terra-bratislava.sk\/sk\/wp-json\/wp\/v2\/media\/2980"}],"wp:attachment":[{"href":"https:\/\/terra-bratislava.sk\/sk\/wp-json\/wp\/v2\/media?parent=57358"}],"wp:term":[{"taxonomy":"product_cat","embeddable":true,"href":"https:\/\/terra-bratislava.sk\/sk\/wp-json\/wp\/v2\/product_cat?post=57358"},{"taxonomy":"product_tag","embeddable":true,"href":"https:\/\/terra-bratislava.sk\/sk\/wp-json\/wp\/v2\/product_tag?post=57358"}],"curies":[{"name":"wp","href":"https:\/\/api.w.org\/{rel}","templated":true}]}}