{"id":57359,"date":"2018-08-07T23:06:59","date_gmt":"2018-08-07T21:06:59","guid":{"rendered":"https:\/\/terra-bratislava.sk\/product\/magyar-nyelv-tankonyv-a-kozepfoku-szakmunkaskepzo-iskolak-1-3-osztalya-szamara\/"},"modified":"2021-10-20T10:20:30","modified_gmt":"2021-10-20T08:20:30","slug":"magyar-nyelv-tankonyv-a-kozepfoku-szakmunkaskepzo-iskolak-1-3-osztalya-szamara","status":"publish","type":"product","link":"https:\/\/terra-bratislava.sk\/sk\/produkt\/magyar-nyelv-tankonyv-a-kozepfoku-szakmunkaskepzo-iskolak-1-3-osztalya-szamara\/","title":{"rendered":"Ma\u010farsk\u00fd jazyk-U\u010debnica pre 1.-3.ro\u010dnik u\u010debn\u00fdch odborov S\u0160"},"content":{"rendered":"<p>V u\u010debnici s\u00fa rozpracovan\u00e9 v\u0161etky tematick\u00e9 okruhy gramatiky,ktor\u00e9 s\u00fa nevyhnutn\u00e9 pre v\u0161eobecn\u00e9 vzdelanie.<\/p>\n","protected":false},"excerpt":{"rendered":"<p>V u\u010debnici s\u00fa rozpracovan\u00e9 v\u0161etky tematick\u00e9 okruhy gramatiky, ktor\u00e9 s\u00fa nevyhnutn\u00e9 pre v\u0161eobecn\u00e9 vzdelanie.<\/p>\n","protected":false},"featured_media":2984,"template":"","meta":[],"product_cat":[300,304,305],"product_tag":[],"_links":{"self":[{"href":"https:\/\/terra-bratislava.sk\/sk\/wp-json\/wp\/v2\/product\/57359"}],"collection":[{"href":"https:\/\/terra-bratislava.sk\/sk\/wp-json\/wp\/v2\/product"}],"about":[{"href":"https:\/\/terra-bratislava.sk\/sk\/wp-json\/wp\/v2\/types\/product"}],"wp:featuredmedia":[{"embeddable":true,"href":"https:\/\/terra-bratislava.sk\/sk\/wp-json\/wp\/v2\/media\/2984"}],"wp:attachment":[{"href":"https:\/\/terra-bratislava.sk\/sk\/wp-json\/wp\/v2\/media?parent=57359"}],"wp:term":[{"taxonomy":"product_cat","embeddable":true,"href":"https:\/\/terra-bratislava.sk\/sk\/wp-json\/wp\/v2\/product_cat?post=57359"},{"taxonomy":"product_tag","embeddable":true,"href":"https:\/\/terra-bratislava.sk\/sk\/wp-json\/wp\/v2\/product_tag?post=57359"}],"curies":[{"name":"wp","href":"https:\/\/api.w.org\/{rel}","templated":true}]}}