{"id":57360,"date":"2018-08-07T23:06:59","date_gmt":"2018-08-07T21:06:59","guid":{"rendered":"https:\/\/terra-bratislava.sk\/product\/irodalom-tankonyv-a-kozepfoku-szakmunkaskepzo-iskolak-1-osztalya-szamara-ii-resz\/"},"modified":"2021-10-20T10:21:34","modified_gmt":"2021-10-20T08:21:34","slug":"irodalom-tankonyv-a-kozepfoku-szakmunkaskepzo-iskolak-1-osztalya-szamara-ii-resz","status":"publish","type":"product","link":"https:\/\/terra-bratislava.sk\/sk\/produkt\/irodalom-tankonyv-a-kozepfoku-szakmunkaskepzo-iskolak-1-osztalya-szamara-ii-resz\/","title":{"rendered":"Literat\u00fara- U\u010debnica pre 1.ro\u010dn\u00edk u\u010debn\u00fdch odborov S\u0160-II.\u010das\u0165"},"content":{"rendered":"<p>&#8222;V u\u010debnici &#8211; okrem tradi\u010dn\u00fdch a kry\u0161talizovan\u00fdch krit\u00e9ri\u00ed &#8211; autori sa sna\u017eili o<br \/>\na) formul\u00e1ciu textov \u013eahko \u010ditate\u013en\u00fdm,  vo\u013en\u00fdm \u0161t\u00fdlom,<br \/>\nb) aktivovanie vizu\u00e1lnej pam\u00e4te, zostavenie tabuliek pre sumariz\u00e1ciu alebo systematiz\u00e1ciu vedomost\u00ed, uverejnenie obr\u00e1zkov vo forme tabuliek,<br \/>\nc) rozv\u00edjanie aktivity \u017eiakov prostredn\u00edctvom interakt\u00edvnych \u00faloh, cvi\u010den\u00ed a ot\u00e1zok, ktor\u00e9 rozv\u00edjaj\u00fa samostatnos\u0165, vytv\u00e1ranie samostatn\u00e9ho \u00fasudku a schopnos\u0165 \u0161tudentov z\u00edskava\u0165 vedomosti,<br \/>\nd) vzbudenie z\u00e1ujmu aj prostredn\u00edctvom ilustr\u00e1ci\u00ed v u\u010debniciach, z\u00edskavanie vedomost\u00ed pomocou z\u00e1\u017eitkov, uchovanie doteraj\u0161\u00edch vedomost\u00ed.&#8220;<\/p>\n","protected":false},"excerpt":{"rendered":"<p>&#8222;V u\u010debnici &#8211; okrem tradi\u010dn\u00fdch a kry\u0161talizovan\u00fdch krit\u00e9ri\u00ed &#8211; autori sa sna\u017eili o<br \/>\na) formul\u00e1ciu textov \u013eahko \u010ditate\u013en\u00fdm,  vo\u013en\u00fdm \u0161t\u00fdlom,<br \/>\nb) aktivovanie vizu\u00e1lnej pam\u00e4te, zostavenie tabuliek pre sumariz\u00e1ciu alebo systematiz\u00e1ciu vedomost\u00ed, uverejnenie obr\u00e1zkov vo forme tabuliek,<br \/>\nc) rozv\u00edjanie aktivity \u017eiakov prostredn\u00edctvom interakt\u00edvnych \u00faloh, cvi\u010den\u00ed a ot\u00e1zok, ktor\u00e9 rozv\u00edjaj\u00fa samostatnos\u0165, vytv\u00e1ranie samostatn\u00e9ho \u00fasudku a schopnos\u0165 \u0161tudentov z\u00edskava\u0165 vedomosti,<br \/>\nd) vzbudenie z\u00e1ujmu aj prostredn\u00edctvom ilustr\u00e1ci\u00ed v u\u010debniciach, z\u00edskavanie vedomost\u00ed pomocou z\u00e1\u017eitkov, uchovanie doteraj\u0161\u00edch vedomost\u00ed.&#8220;<\/p>\n","protected":false},"featured_media":2978,"template":"","meta":[],"product_cat":[304],"product_tag":[],"_links":{"self":[{"href":"https:\/\/terra-bratislava.sk\/sk\/wp-json\/wp\/v2\/product\/57360"}],"collection":[{"href":"https:\/\/terra-bratislava.sk\/sk\/wp-json\/wp\/v2\/product"}],"about":[{"href":"https:\/\/terra-bratislava.sk\/sk\/wp-json\/wp\/v2\/types\/product"}],"wp:featuredmedia":[{"embeddable":true,"href":"https:\/\/terra-bratislava.sk\/sk\/wp-json\/wp\/v2\/media\/2978"}],"wp:attachment":[{"href":"https:\/\/terra-bratislava.sk\/sk\/wp-json\/wp\/v2\/media?parent=57360"}],"wp:term":[{"taxonomy":"product_cat","embeddable":true,"href":"https:\/\/terra-bratislava.sk\/sk\/wp-json\/wp\/v2\/product_cat?post=57360"},{"taxonomy":"product_tag","embeddable":true,"href":"https:\/\/terra-bratislava.sk\/sk\/wp-json\/wp\/v2\/product_tag?post=57360"}],"curies":[{"name":"wp","href":"https:\/\/api.w.org\/{rel}","templated":true}]}}