{"id":57362,"date":"2018-08-07T23:06:57","date_gmt":"2018-08-07T21:06:57","guid":{"rendered":"https:\/\/terra-bratislava.sk\/product\/magyar-nyelv-tankonyv-a-gimnaziumok-es-szakkozepiskolak-4-osztalya-szama\/"},"modified":"2021-10-20T10:23:29","modified_gmt":"2021-10-20T08:23:29","slug":"magyar-nyelv-tankonyv-a-gimnaziumok-es-szakkozepiskolak-4-osztalya-szama","status":"publish","type":"product","link":"https:\/\/terra-bratislava.sk\/sk\/produkt\/magyar-nyelv-tankonyv-a-gimnaziumok-es-szakkozepiskolak-4-osztalya-szama\/","title":{"rendered":"Ma\u010farsk\u00fd jazyk- U\u010debnica pre 4.ro\u010dn\u00edk  gymn\u00e1zi\u00ed a stredn\u00fdch odborn\u00fdch \u0161k\u00f4l"},"content":{"rendered":"<p>U\u010debnica sa venuje tematick\u00fdm okruhom fonetiky a \u0161tylistiky.Pom\u00f4\u017ee \u0161tudentom vedie\u0165 o komunika\u010dnom v\u00fdzname a funkcii jazykov\u00fdch \u0161t\u00fdlov.<\/p>\n","protected":false},"excerpt":{"rendered":"<p>U\u010debnica sa venuje tematick\u00fdm okruhom fonetiky a \u0161tylistiky. Pom\u00f4\u017ee \u0161tudentom vedie\u0165 o komunika\u010dnom v\u00fdzname a funkcii jazykov\u00fdch \u0161t\u00fdlov.<\/p>\n","protected":false},"featured_media":2974,"template":"","meta":[],"product_cat":[313],"product_tag":[],"_links":{"self":[{"href":"https:\/\/terra-bratislava.sk\/sk\/wp-json\/wp\/v2\/product\/57362"}],"collection":[{"href":"https:\/\/terra-bratislava.sk\/sk\/wp-json\/wp\/v2\/product"}],"about":[{"href":"https:\/\/terra-bratislava.sk\/sk\/wp-json\/wp\/v2\/types\/product"}],"wp:featuredmedia":[{"embeddable":true,"href":"https:\/\/terra-bratislava.sk\/sk\/wp-json\/wp\/v2\/media\/2974"}],"wp:attachment":[{"href":"https:\/\/terra-bratislava.sk\/sk\/wp-json\/wp\/v2\/media?parent=57362"}],"wp:term":[{"taxonomy":"product_cat","embeddable":true,"href":"https:\/\/terra-bratislava.sk\/sk\/wp-json\/wp\/v2\/product_cat?post=57362"},{"taxonomy":"product_tag","embeddable":true,"href":"https:\/\/terra-bratislava.sk\/sk\/wp-json\/wp\/v2\/product_tag?post=57362"}],"curies":[{"name":"wp","href":"https:\/\/api.w.org\/{rel}","templated":true}]}}