{"id":57366,"date":"2018-08-07T23:06:54","date_gmt":"2018-08-07T21:06:54","guid":{"rendered":"https:\/\/terra-bratislava.sk\/product\/magyar-nyelv-tankonyv-a-gimnaziumok-es-szakkozepiskolak-2-osztalya-szama\/"},"modified":"2021-10-20T10:39:43","modified_gmt":"2021-10-20T08:39:43","slug":"magyar-nyelv-tankonyv-a-gimnaziumok-es-szakkozepiskolak-2-osztalya-szama","status":"publish","type":"product","link":"https:\/\/terra-bratislava.sk\/sk\/produkt\/magyar-nyelv-tankonyv-a-gimnaziumok-es-szakkozepiskolak-2-osztalya-szama\/","title":{"rendered":"Ma\u010farsk\u00fd jazyk &#8211; U\u010debnica pre 2.ro\u010dn\u00edk gymn\u00e1zi\u00ed a stredn\u00fdch odborn\u00fdch \u0161k\u00f4l"},"content":{"rendered":"<p>U\u010debnica sa venuje tematick\u00fdm okruhom textol\u00f3gie a lexikol\u00f3gie.Umo\u017e\u0148uje pou\u017e\u00edvanie met\u00f3d rozv\u00edjaj\u00facich aktiv\u00edt, samostatnos\u0165 a tvorivos\u0165.<\/p>\n","protected":false},"excerpt":{"rendered":"<p>U\u010debnica sa venuje tematick\u00fdm okruhom textol\u00f3gie a lexikol\u00f3gie.Umo\u017e\u0148uje pou\u017e\u00edvanie met\u00f3d rozv\u00edjaj\u00facich aktiv\u00edt, samostatnos\u0165 a tvorivos\u0165.<\/p>\n","protected":false},"featured_media":2966,"template":"","meta":[],"product_cat":[320,316,321,315,291],"product_tag":[],"_links":{"self":[{"href":"https:\/\/terra-bratislava.sk\/sk\/wp-json\/wp\/v2\/product\/57366"}],"collection":[{"href":"https:\/\/terra-bratislava.sk\/sk\/wp-json\/wp\/v2\/product"}],"about":[{"href":"https:\/\/terra-bratislava.sk\/sk\/wp-json\/wp\/v2\/types\/product"}],"wp:featuredmedia":[{"embeddable":true,"href":"https:\/\/terra-bratislava.sk\/sk\/wp-json\/wp\/v2\/media\/2966"}],"wp:attachment":[{"href":"https:\/\/terra-bratislava.sk\/sk\/wp-json\/wp\/v2\/media?parent=57366"}],"wp:term":[{"taxonomy":"product_cat","embeddable":true,"href":"https:\/\/terra-bratislava.sk\/sk\/wp-json\/wp\/v2\/product_cat?post=57366"},{"taxonomy":"product_tag","embeddable":true,"href":"https:\/\/terra-bratislava.sk\/sk\/wp-json\/wp\/v2\/product_tag?post=57366"}],"curies":[{"name":"wp","href":"https:\/\/api.w.org\/{rel}","templated":true}]}}