{"id":57371,"date":"2018-08-07T23:06:51","date_gmt":"2018-08-07T21:06:51","guid":{"rendered":"https:\/\/terra-bratislava.sk\/product\/olvasokonyv-szlovak-irodalom-az-ai-9-osztalya-szamara\/"},"modified":"2021-10-20T10:45:12","modified_gmt":"2021-10-20T08:45:12","slug":"olvasokonyv-szlovak-irodalom-az-ai-9-osztalya-szamara","status":"publish","type":"product","link":"https:\/\/terra-bratislava.sk\/sk\/produkt\/olvasokonyv-szlovak-irodalom-az-ai-9-osztalya-szamara\/","title":{"rendered":"\u010c\u00edtanka zo slovenskej literat\u00fary pre 9.ro\u010dn\u00edk Z\u0160"},"content":{"rendered":"<p>U\u010debnica zara\u010fuje  \u00faryvky z diel autorov z r\u00f4znych \u010dasov\u00fdch odbdob\u00ed- od druhej pololvice 19.storo\u010dia a\u017e po s\u00fa\u010dasnos\u0165.U\u010debn\u00fd materi\u00e1l je \u010dlenen\u00fd do \u0161tyroch kapitol.\u017diaci tak maj\u00fa mo\u017enos\u0165 zozn\u00e1mi\u0165 sa s tvorbou slovensk\u00fdch autorov od s\u00fa\u010dasnosti a\u017e po \u013eudov\u00fa slovesnos\u0165 predch\u00e1dzaj\u00facich storo\u010d\u00ed.<\/p>\n","protected":false},"excerpt":{"rendered":"<p>U\u010debnica zara\u010fuje  \u00faryvky z diel autorov z r\u00f4znych \u010dasov\u00fdch obdob\u00ed &#8211; od druhej polovice 19. storo\u010dia a\u017e po s\u00fa\u010dasnos\u0165. U\u010debn\u00fd materi\u00e1l je \u010dlenen\u00fd do \u0161tyroch kapitol. \u017diaci tak maj\u00fa mo\u017enos\u0165 zozn\u00e1mi\u0165 sa s tvorbou slovensk\u00fdch autorov od s\u00fa\u010dasnosti a\u017e po \u013eudov\u00fa slovesnos\u0165 predch\u00e1dzaj\u00facich storo\u010d\u00ed.<\/p>\n","protected":false},"featured_media":2954,"template":"","meta":[],"product_cat":[293,390,350,326,291,292],"product_tag":[],"_links":{"self":[{"href":"https:\/\/terra-bratislava.sk\/sk\/wp-json\/wp\/v2\/product\/57371"}],"collection":[{"href":"https:\/\/terra-bratislava.sk\/sk\/wp-json\/wp\/v2\/product"}],"about":[{"href":"https:\/\/terra-bratislava.sk\/sk\/wp-json\/wp\/v2\/types\/product"}],"wp:featuredmedia":[{"embeddable":true,"href":"https:\/\/terra-bratislava.sk\/sk\/wp-json\/wp\/v2\/media\/2954"}],"wp:attachment":[{"href":"https:\/\/terra-bratislava.sk\/sk\/wp-json\/wp\/v2\/media?parent=57371"}],"wp:term":[{"taxonomy":"product_cat","embeddable":true,"href":"https:\/\/terra-bratislava.sk\/sk\/wp-json\/wp\/v2\/product_cat?post=57371"},{"taxonomy":"product_tag","embeddable":true,"href":"https:\/\/terra-bratislava.sk\/sk\/wp-json\/wp\/v2\/product_tag?post=57371"}],"curies":[{"name":"wp","href":"https:\/\/api.w.org\/{rel}","templated":true}]}}