{"id":57373,"date":"2018-08-07T23:06:49","date_gmt":"2018-08-07T21:06:49","guid":{"rendered":"https:\/\/terra-bratislava.sk\/product\/feladatlapok-magyar-nyelvbol-es-irodalombol-az-ai-9-osztalya-szamara\/"},"modified":"2021-10-20T10:46:04","modified_gmt":"2021-10-20T08:46:04","slug":"feladatlapok-magyar-nyelvbol-es-irodalombol-az-ai-9-osztalya-szamara","status":"publish","type":"product","link":"https:\/\/terra-bratislava.sk\/sk\/produkt\/feladatlapok-magyar-nyelvbol-es-irodalombol-az-ai-9-osztalya-szamara\/","title":{"rendered":"Testy z ma\u010farsk\u00e9ho jazyka a literat\u00fary pre 9.ro\u010dn\u00edk Z\u0160"},"content":{"rendered":"<p>&#8222;Pos\u00fadenie \u00farovne vedomost\u00ed deviatakov na z\u00e1kladnej \u0161kole je n\u00e1ro\u010dn\u00e1 \u00faloha tak pre u\u010dite\u013eov, ktor\u00ed testy pripravuj\u00fa, ako aj pre \u017eiakov, ktor\u00ed testy rie\u0161ia. Aby sme v\u0161etk\u00fdm u\u013eah\u010dili pr\u00e1cu, zostavili sme cvi\u010dn\u00e9 testovacie h\u00e1rky. Tieto testy  sa v\u00fdborne hodia pre pou\u017eitie po\u010das pr\u00edpravn\u00e9ho obdobia, u\u013eah\u010duj\u00fa pr\u00e1cu pedag\u00f3ga, a \u017eiaci m\u00f4\u017eu svoje \u00falohy rie\u0161i\u0165  dokonca aj doma. Jednotliv\u00e9 skupiny \u00faloh boli pr\u00edpravn\u00e9 na z\u00e1klade centr\u00e1lne zostaven\u00fdch testov: \u017eiaci by mali na z\u00e1klade v\u00fdchodiskov\u00e9ho textu odpoveda\u0165 na ot\u00e1zky s\u00favisiace s textom a u\u010debnou l\u00e1tkou z gramatiky a literat\u00fary z\u00e1kladnej \u0161koly. Zo \u0161tyroch mo\u017en\u00fdch odpoved\u00ed uveden\u00fdch pod ot\u00e1zkou je v\u017edy spr\u00e1vna iba jedna.<br \/>\nNa\u0161a zbierka \u00faloh obsahuje 20 pracovn\u00fdch listov &#8211; s opravn\u00fdm k\u013e\u00fa\u010dom na konci.&#8220;<\/p>\n","protected":false},"excerpt":{"rendered":"<p>&#8222;Pos\u00fadenie \u00farovne vedomost\u00ed deviatakov na z\u00e1kladnej \u0161kole je n\u00e1ro\u010dn\u00e1 \u00faloha tak pre u\u010dite\u013eov, ktor\u00ed testy pripravuj\u00fa, ako aj pre \u017eiakov, ktor\u00ed testy rie\u0161ia. Aby sme v\u0161etk\u00fdm u\u013eah\u010dili pr\u00e1cu, zostavili sme cvi\u010dn\u00e9 testovacie h\u00e1rky. Tieto testy  sa v\u00fdborne hodia pre pou\u017eitie po\u010das pr\u00edpravn\u00e9ho obdobia, u\u013eah\u010duj\u00fa pr\u00e1cu pedag\u00f3ga, a \u017eiaci m\u00f4\u017eu svoje \u00falohy rie\u0161i\u0165  dokonca aj doma. Jednotliv\u00e9 skupiny \u00faloh boli pr\u00edpravn\u00e9 na z\u00e1klade centr\u00e1lne zostaven\u00fdch testov: \u017eiaci by mali na z\u00e1klade v\u00fdchodiskov\u00e9ho textu odpoveda\u0165 na ot\u00e1zky s\u00favisiace s textom a u\u010debnou l\u00e1tkou z gramatiky a literat\u00fary z\u00e1kladnej \u0161koly. Zo \u0161tyroch mo\u017en\u00fdch odpoved\u00ed uveden\u00fdch pod ot\u00e1zkou je v\u017edy spr\u00e1vna iba jedna.<br \/>\nNa\u0161a zbierka \u00faloh obsahuje 20 pracovn\u00fdch listov &#8211; s opravn\u00fdm k\u013e\u00fa\u010dom na konci.&#8220;<\/p>\n","protected":false},"featured_media":2952,"template":"","meta":[],"product_cat":[293,294,291,292],"product_tag":[],"_links":{"self":[{"href":"https:\/\/terra-bratislava.sk\/sk\/wp-json\/wp\/v2\/product\/57373"}],"collection":[{"href":"https:\/\/terra-bratislava.sk\/sk\/wp-json\/wp\/v2\/product"}],"about":[{"href":"https:\/\/terra-bratislava.sk\/sk\/wp-json\/wp\/v2\/types\/product"}],"wp:featuredmedia":[{"embeddable":true,"href":"https:\/\/terra-bratislava.sk\/sk\/wp-json\/wp\/v2\/media\/2952"}],"wp:attachment":[{"href":"https:\/\/terra-bratislava.sk\/sk\/wp-json\/wp\/v2\/media?parent=57373"}],"wp:term":[{"taxonomy":"product_cat","embeddable":true,"href":"https:\/\/terra-bratislava.sk\/sk\/wp-json\/wp\/v2\/product_cat?post=57373"},{"taxonomy":"product_tag","embeddable":true,"href":"https:\/\/terra-bratislava.sk\/sk\/wp-json\/wp\/v2\/product_tag?post=57373"}],"curies":[{"name":"wp","href":"https:\/\/api.w.org\/{rel}","templated":true}]}}