{"id":57374,"date":"2018-08-07T23:06:48","date_gmt":"2018-08-07T21:06:48","guid":{"rendered":"https:\/\/terra-bratislava.sk\/product\/olvasokonyv-szlovak-irodalom-az-ai-8-osztalya-szamara\/"},"modified":"2021-10-20T10:47:03","modified_gmt":"2021-10-20T08:47:03","slug":"olvasokonyv-szlovak-irodalom-az-ai-8-osztalya-szamara","status":"publish","type":"product","link":"https:\/\/terra-bratislava.sk\/sk\/produkt\/olvasokonyv-szlovak-irodalom-az-ai-8-osztalya-szamara\/","title":{"rendered":"\u010c\u00edtanka zo slovenskej literat\u00fary pre 8.ro\u010dn\u00edk Z\u0160"},"content":{"rendered":"<p>U\u010debnica zodpoved\u00e1 z\u00e1merom a obsahu platn\u00fdch u\u010debn\u00fdch osnov.Je v s\u00falade s cie\u013emi \u0160VP.Je dielom,ktor\u00e9 orientuje \u017eiakov k zvl\u00e1dnutiu liter\u00e1rnej komunik\u00e1cie a k utv\u00e1raniu n\u00e1vykov potrebn\u00fdch na \u010d\u00edtanie slovenskej po\u00e9zie a pr\u00f3zy.Obsah u\u010debnice je \u010dlenen\u00fd do troch kapitol.V litar\u00e1rnych uk\u00e1\u017ekach sa odr\u00e1\u017ea jazyk n\u00e1roda v plnej jeho kr\u00e1se a jednoduchosti.U\u010debnica bola prepracovan\u00e1 v roku 2019.<\/p>\n","protected":false},"excerpt":{"rendered":"<p>U\u010debnica zodpoved\u00e1 z\u00e1merom a obsahu platn\u00fdch u\u010debn\u00fdch osnov. Je v s\u00falade s cie\u013emi \u0160VP. Je dielom, ktor\u00e9 orientuje \u017eiakov k zvl\u00e1dnutiu liter\u00e1rnej komunik\u00e1cie a k utv\u00e1raniu n\u00e1vykov potrebn\u00fdch na \u010d\u00edtanie slovenskej po\u00e9zie a pr\u00f3zy. Obsah u\u010debnice je \u010dlenen\u00fd do troch kapitol. V liter\u00e1rnych uk\u00e1\u017ekach sa odr\u00e1\u017ea jazyk n\u00e1roda v plnej jeho kr\u00e1se a jednoduchosti.<\/p>\n","protected":false},"featured_media":2944,"template":"","meta":[],"product_cat":[331,389,350,332,291,292],"product_tag":[],"_links":{"self":[{"href":"https:\/\/terra-bratislava.sk\/sk\/wp-json\/wp\/v2\/product\/57374"}],"collection":[{"href":"https:\/\/terra-bratislava.sk\/sk\/wp-json\/wp\/v2\/product"}],"about":[{"href":"https:\/\/terra-bratislava.sk\/sk\/wp-json\/wp\/v2\/types\/product"}],"wp:featuredmedia":[{"embeddable":true,"href":"https:\/\/terra-bratislava.sk\/sk\/wp-json\/wp\/v2\/media\/2944"}],"wp:attachment":[{"href":"https:\/\/terra-bratislava.sk\/sk\/wp-json\/wp\/v2\/media?parent=57374"}],"wp:term":[{"taxonomy":"product_cat","embeddable":true,"href":"https:\/\/terra-bratislava.sk\/sk\/wp-json\/wp\/v2\/product_cat?post=57374"},{"taxonomy":"product_tag","embeddable":true,"href":"https:\/\/terra-bratislava.sk\/sk\/wp-json\/wp\/v2\/product_tag?post=57374"}],"curies":[{"name":"wp","href":"https:\/\/api.w.org\/{rel}","templated":true}]}}