{"id":57379,"date":"2018-08-07T23:06:39","date_gmt":"2018-08-07T21:06:39","guid":{"rendered":"https:\/\/terra-bratislava.sk\/product\/irodalom-az-ai-6-osztalya-szamara\/"},"modified":"2021-10-20T10:50:31","modified_gmt":"2021-10-20T08:50:31","slug":"irodalom-az-ai-6-osztalya-szamara","status":"publish","type":"product","link":"https:\/\/terra-bratislava.sk\/sk\/produkt\/irodalom-az-ai-6-osztalya-szamara\/","title":{"rendered":"Literat\u00fara pre 6.ro\u010dn\u00edk Z\u0160"},"content":{"rendered":"<p>U\u010debnica je zalo\u017een\u00e1 na syst\u00e9me po\u017eiadaviek ISCED-2. Vedomosti z liter\u00e1rnej te\u00f3rie sa v u\u010debnici objavia v\u017edy po\u010das aplik\u00e1cie, aj s n\u00e1zorn\u00fdm vysvetlen\u00edm. Na konci kapitol vysvet\u013euj\u00face texty s\u00fahrnu \u00falohy pom\u00e1haj\u00fa syntetizova\u0165 a systematizova\u0165 nadobudnut\u00e9 vedomosti. U\u010debnica pozost\u00e1va zo \u0161iestich kapitol, z ktor\u00fdch hlavnou \u010das\u0165ou je epos Toldi od J\u00e1nosa Aranya. U\u010debnica bola v roku 2019 prepracovan\u00e1.<\/p>\n","protected":false},"excerpt":{"rendered":"<p>U\u010debnica je zalo\u017een\u00e1 na syst\u00e9me po\u017eiadaviek ISCED-2. Vedomosti z liter\u00e1rnej te\u00f3rie sa v u\u010debnici objavia v\u017edy po\u010das aplik\u00e1cie, aj s n\u00e1zorn\u00fdm vysvetlen\u00edm. Na konci kapitol vysvet\u013euj\u00face texty s\u00fahrnu \u00falohy pom\u00e1haj\u00fa syntetizova\u0165 a systematizova\u0165 nadobudnut\u00e9 vedomosti. U\u010debnica pozost\u00e1va zo \u0161iestich kapitol, z ktor\u00fdch hlavnou \u010das\u0165ou je epos Toldi od J\u00e1nosa Aranya. U\u010debnica bola v roku 2019 prepracovan\u00e1.<\/p>\n","protected":false},"featured_media":2934,"template":"","meta":[],"product_cat":[339,387,340,350,291,292],"product_tag":[],"_links":{"self":[{"href":"https:\/\/terra-bratislava.sk\/sk\/wp-json\/wp\/v2\/product\/57379"}],"collection":[{"href":"https:\/\/terra-bratislava.sk\/sk\/wp-json\/wp\/v2\/product"}],"about":[{"href":"https:\/\/terra-bratislava.sk\/sk\/wp-json\/wp\/v2\/types\/product"}],"wp:featuredmedia":[{"embeddable":true,"href":"https:\/\/terra-bratislava.sk\/sk\/wp-json\/wp\/v2\/media\/2934"}],"wp:attachment":[{"href":"https:\/\/terra-bratislava.sk\/sk\/wp-json\/wp\/v2\/media?parent=57379"}],"wp:term":[{"taxonomy":"product_cat","embeddable":true,"href":"https:\/\/terra-bratislava.sk\/sk\/wp-json\/wp\/v2\/product_cat?post=57379"},{"taxonomy":"product_tag","embeddable":true,"href":"https:\/\/terra-bratislava.sk\/sk\/wp-json\/wp\/v2\/product_tag?post=57379"}],"curies":[{"name":"wp","href":"https:\/\/api.w.org\/{rel}","templated":true}]}}