{"id":57381,"date":"2018-08-07T23:06:37","date_gmt":"2018-08-07T21:06:37","guid":{"rendered":"https:\/\/terra-bratislava.sk\/product\/munkafuzet-magyar-nyelvbol-az-ai-5-osztalya-szamara\/"},"modified":"2021-10-20T10:52:16","modified_gmt":"2021-10-20T08:52:16","slug":"munkafuzet-magyar-nyelvbol-az-ai-5-osztalya-szamara","status":"publish","type":"product","link":"https:\/\/terra-bratislava.sk\/sk\/produkt\/munkafuzet-magyar-nyelvbol-az-ai-5-osztalya-szamara\/","title":{"rendered":"Pracovn\u00fd zo\u0161it z ma\u010farsk\u00e9ho jazyka pre 5.ro\u010dn\u00edk Z\u0160"},"content":{"rendered":"<p>&#8222;Na\u0161e pracovn\u00e9 zo\u0161ity dop\u013a\u0148aj\u00fa u\u010debn\u00fd materi\u00e1l u\u010debn\u00edc ma\u010farsk\u00e9ho jazyka a s\u00fa v s\u00falade so s\u00fa\u010dasn\u00fdm \u0161t\u00e1tnym r\u00e1mcov\u00fdm u\u010debn\u00fdm pl\u00e1nom (\u0160t\u00e1tny vzdel\u00e1vac\u00ed program &#8211; ISCED2).<\/p>\n<p>Ich autori s\u00fa toto\u017en\u00ed s autormi u\u010debn\u00edc. Zo\u0161ity je mo\u017en\u00e9 objedna\u0165 iba vo vydavate\u013estve Terra Kiad\u00f3.&#8220;<\/p>\n","protected":false},"excerpt":{"rendered":"<p>&#8222;Na\u0161e pracovn\u00e9 zo\u0161ity dop\u013a\u0148aj\u00fa u\u010debn\u00fd materi\u00e1l u\u010debn\u00edc ma\u010farsk\u00e9ho jazyka a s\u00fa v s\u00falade so s\u00fa\u010dasn\u00fdm \u0161t\u00e1tnym r\u00e1mcov\u00fdm u\u010debn\u00fdm pl\u00e1nom (\u0160t\u00e1tny vzdel\u00e1vac\u00ed program &#8211; ISCED2).<\/p>\n<p>Ich autori s\u00fa toto\u017en\u00ed s autormi u\u010debn\u00edc. Zo\u0161ity je mo\u017en\u00e9 objedna\u0165 iba vo vydavate\u013estve Terra Kiad\u00f3.&#8220;<\/p>\n","protected":false},"featured_media":2932,"template":"","meta":[],"product_cat":[343,386,344,350,291,292],"product_tag":[],"_links":{"self":[{"href":"https:\/\/terra-bratislava.sk\/sk\/wp-json\/wp\/v2\/product\/57381"}],"collection":[{"href":"https:\/\/terra-bratislava.sk\/sk\/wp-json\/wp\/v2\/product"}],"about":[{"href":"https:\/\/terra-bratislava.sk\/sk\/wp-json\/wp\/v2\/types\/product"}],"wp:featuredmedia":[{"embeddable":true,"href":"https:\/\/terra-bratislava.sk\/sk\/wp-json\/wp\/v2\/media\/2932"}],"wp:attachment":[{"href":"https:\/\/terra-bratislava.sk\/sk\/wp-json\/wp\/v2\/media?parent=57381"}],"wp:term":[{"taxonomy":"product_cat","embeddable":true,"href":"https:\/\/terra-bratislava.sk\/sk\/wp-json\/wp\/v2\/product_cat?post=57381"},{"taxonomy":"product_tag","embeddable":true,"href":"https:\/\/terra-bratislava.sk\/sk\/wp-json\/wp\/v2\/product_tag?post=57381"}],"curies":[{"name":"wp","href":"https:\/\/api.w.org\/{rel}","templated":true}]}}