{"id":57382,"date":"2018-08-07T23:06:37","date_gmt":"2018-08-07T21:06:37","guid":{"rendered":"https:\/\/terra-bratislava.sk\/product\/irodalom-az-ai-5-osztalya-szamara\/"},"modified":"2021-10-20T10:51:41","modified_gmt":"2021-10-20T08:51:41","slug":"irodalom-az-ai-5-osztalya-szamara","status":"publish","type":"product","link":"https:\/\/terra-bratislava.sk\/sk\/produkt\/irodalom-az-ai-5-osztalya-szamara\/","title":{"rendered":"Literat\u00fara pre 5.ro\u010dn\u00edk  Z\u0160"},"content":{"rendered":"<p>U\u010debnica je zalo\u017een\u00e1 na syst\u00e9me po\u017eiadaviek ISCED-2. Kapitola Svet rozpr\u00e1vok rozober\u00e1 jednotliv\u00e9 typy rozpr\u00e1vok. Podrobne sa zaober\u00e1 klasick\u00fdmi dielami ma\u010farskej literat\u00fary, dielom J\u00e1nos vit\u00e9z od S\u00e1ndora Pet\u0151fiho. Ilustr\u00e1cie vyjadruj\u00face obsah knihy ju robia pre \u017eiakov e\u0161te pr\u00ed\u0165a\u017elivej\u0161ou. V knihe sa nach\u00e1dza aj viacero zauj\u00edmav\u00fdch \u00faloh. Rozvoj v\u0161etk\u00fdch kompeten\u010dn\u00fdch oblast\u00ed je zaisten\u00fd  rie\u0161en\u00edm rozmanit\u00fdch, zauj\u00edmav\u00fdch, hrav\u00fdch ot\u00e1zok. U\u010debnica bola v roku 2019 prepracovan\u00e1.<\/p>\n","protected":false},"excerpt":{"rendered":"<p>U\u010debnica je zalo\u017een\u00e1 na syst\u00e9me po\u017eiadaviek ISCED-2. Kapitola Svet rozpr\u00e1vok rozober\u00e1 jednotliv\u00e9 typy rozpr\u00e1vok. Podrobne sa zaober\u00e1 klasick\u00fdmi dielami ma\u010farskej literat\u00fary, dielom J\u00e1nos vit\u00e9z od S\u00e1ndora Pet\u0151fiho. Ilustr\u00e1cie vyjadruj\u00face obsah knihy ju robia pre \u017eiakov e\u0161te pr\u00ed\u0165a\u017elivej\u0161ou. V knihe sa nach\u00e1dza aj viacero zauj\u00edmav\u00fdch \u00faloh. Rozvoj v\u0161etk\u00fdch kompeten\u010dn\u00fdch oblast\u00ed je zaisten\u00fd  rie\u0161en\u00edm rozmanit\u00fdch, zauj\u00edmav\u00fdch, hrav\u00fdch ot\u00e1zok. U\u010debnica bola v roku 2019 prepracovan\u00e1.<\/p>\n","protected":false},"featured_media":2930,"template":"","meta":[],"product_cat":[343,386,344,350,291,292],"product_tag":[],"_links":{"self":[{"href":"https:\/\/terra-bratislava.sk\/sk\/wp-json\/wp\/v2\/product\/57382"}],"collection":[{"href":"https:\/\/terra-bratislava.sk\/sk\/wp-json\/wp\/v2\/product"}],"about":[{"href":"https:\/\/terra-bratislava.sk\/sk\/wp-json\/wp\/v2\/types\/product"}],"wp:featuredmedia":[{"embeddable":true,"href":"https:\/\/terra-bratislava.sk\/sk\/wp-json\/wp\/v2\/media\/2930"}],"wp:attachment":[{"href":"https:\/\/terra-bratislava.sk\/sk\/wp-json\/wp\/v2\/media?parent=57382"}],"wp:term":[{"taxonomy":"product_cat","embeddable":true,"href":"https:\/\/terra-bratislava.sk\/sk\/wp-json\/wp\/v2\/product_cat?post=57382"},{"taxonomy":"product_tag","embeddable":true,"href":"https:\/\/terra-bratislava.sk\/sk\/wp-json\/wp\/v2\/product_tag?post=57382"}],"curies":[{"name":"wp","href":"https:\/\/api.w.org\/{rel}","templated":true}]}}