{"id":57383,"date":"2018-08-07T23:06:36","date_gmt":"2018-08-07T21:06:36","guid":{"rendered":"https:\/\/terra-bratislava.sk\/product\/feladatgyujtemeny-3-resz-szlovak-nyelv-az-ai-4-osztalya-szamara\/"},"modified":"2021-10-20T10:53:09","modified_gmt":"2021-10-20T08:53:09","slug":"feladatgyujtemeny-3-resz-szlovak-nyelv-az-ai-4-osztalya-szamara","status":"publish","type":"product","link":"https:\/\/terra-bratislava.sk\/sk\/produkt\/feladatgyujtemeny-3-resz-szlovak-nyelv-az-ai-4-osztalya-szamara\/","title":{"rendered":"Zbierka \u00faloh a cvi\u010den\u00ed zo slovensk\u00e9ho jazyka  pre 2.-4.ro\u010dn\u00edk Z\u0160  3.\u010das\u0165"},"content":{"rendered":"<p>Zbierka obsahuje \u00falohy a cvi\u010denia rozv\u00edjaj\u00face slovn\u00fa z\u00e1sobu,aplika\u010dn\u00e9 \u00falohy,\u00falohy na rozvoj \u010d\u00edtania s porozumen\u00edm a primeran\u00e9 \u00falohy na precvi\u010denie niektor\u00fdch gramatick\u00fdch javov.<\/p>\n","protected":false},"excerpt":{"rendered":"<p>Zbierka obsahuje \u00falohy a cvi\u010denia rozv\u00edjaj\u00face slovn\u00fa z\u00e1sobu, aplika\u010dn\u00e9 \u00falohy, \u00falohy na rozvoj \u010d\u00edtania s porozumen\u00edm a primeran\u00e9 \u00falohy na precvi\u010denie niektor\u00fdch gramatick\u00fdch javov.<\/p>\n","protected":false},"featured_media":2928,"template":"","meta":[],"product_cat":[346,347,291,292],"product_tag":[],"_links":{"self":[{"href":"https:\/\/terra-bratislava.sk\/sk\/wp-json\/wp\/v2\/product\/57383"}],"collection":[{"href":"https:\/\/terra-bratislava.sk\/sk\/wp-json\/wp\/v2\/product"}],"about":[{"href":"https:\/\/terra-bratislava.sk\/sk\/wp-json\/wp\/v2\/types\/product"}],"wp:featuredmedia":[{"embeddable":true,"href":"https:\/\/terra-bratislava.sk\/sk\/wp-json\/wp\/v2\/media\/2928"}],"wp:attachment":[{"href":"https:\/\/terra-bratislava.sk\/sk\/wp-json\/wp\/v2\/media?parent=57383"}],"wp:term":[{"taxonomy":"product_cat","embeddable":true,"href":"https:\/\/terra-bratislava.sk\/sk\/wp-json\/wp\/v2\/product_cat?post=57383"},{"taxonomy":"product_tag","embeddable":true,"href":"https:\/\/terra-bratislava.sk\/sk\/wp-json\/wp\/v2\/product_tag?post=57383"}],"curies":[{"name":"wp","href":"https:\/\/api.w.org\/{rel}","templated":true}]}}