{"id":57384,"date":"2018-08-07T23:06:36","date_gmt":"2018-08-07T21:06:36","guid":{"rendered":"https:\/\/terra-bratislava.sk\/product\/szlovak-nyelv-az-ai-4-osztalya-szamara-1-es-2-resz-hangfelvetelek\/"},"modified":"2021-10-20T11:01:48","modified_gmt":"2021-10-20T09:01:48","slug":"szlovak-nyelv-az-ai-4-osztalya-szamara-1-es-2-resz-hangfelvetelek","status":"publish","type":"product","link":"https:\/\/terra-bratislava.sk\/sk\/produkt\/szlovak-nyelv-az-ai-4-osztalya-szamara-1-es-2-resz-hangfelvetelek\/","title":{"rendered":"Slovensk\u00fd jazyk pre 4.ro\u010dn\u00edk Z\u0160-CD1+CD2 -( Zvukov\u00e9 nahr\u00e1vky)"},"content":{"rendered":"<p>2 CD-disky obsahuj\u00fa kompletn\u00fd zvukov\u00fd materi\u00e1l u\u010debn\u00edc sloven\u010diny pre 4. triedu z\u00e1kladnej \u0161koly.<\/p>\n","protected":false},"excerpt":{"rendered":"<p>2 CD-disky obsahuj\u00fa kompletn\u00fd zvukov\u00fd materi\u00e1l u\u010debn\u00edc sloven\u010diny pre 4. triedu z\u00e1kladnej \u0161koly.<\/p>\n","protected":false},"featured_media":3002,"template":"","meta":[],"product_cat":[349],"product_tag":[],"_links":{"self":[{"href":"https:\/\/terra-bratislava.sk\/sk\/wp-json\/wp\/v2\/product\/57384"}],"collection":[{"href":"https:\/\/terra-bratislava.sk\/sk\/wp-json\/wp\/v2\/product"}],"about":[{"href":"https:\/\/terra-bratislava.sk\/sk\/wp-json\/wp\/v2\/types\/product"}],"wp:featuredmedia":[{"embeddable":true,"href":"https:\/\/terra-bratislava.sk\/sk\/wp-json\/wp\/v2\/media\/3002"}],"wp:attachment":[{"href":"https:\/\/terra-bratislava.sk\/sk\/wp-json\/wp\/v2\/media?parent=57384"}],"wp:term":[{"taxonomy":"product_cat","embeddable":true,"href":"https:\/\/terra-bratislava.sk\/sk\/wp-json\/wp\/v2\/product_cat?post=57384"},{"taxonomy":"product_tag","embeddable":true,"href":"https:\/\/terra-bratislava.sk\/sk\/wp-json\/wp\/v2\/product_tag?post=57384"}],"curies":[{"name":"wp","href":"https:\/\/api.w.org\/{rel}","templated":true}]}}