{"id":57385,"date":"2018-08-07T23:06:35","date_gmt":"2018-08-07T21:06:35","guid":{"rendered":"https:\/\/terra-bratislava.sk\/product\/szlovak-nyelv-az-ai-4-osztalya-szamara-1-resz-interaktiv-digitalis-tankonyv\/"},"modified":"2021-10-20T11:02:55","modified_gmt":"2021-10-20T09:02:55","slug":"szlovak-nyelv-az-ai-4-osztalya-szamara-1-resz-interaktiv-digitalis-tankonyv","status":"publish","type":"product","link":"https:\/\/terra-bratislava.sk\/sk\/produkt\/szlovak-nyelv-az-ai-4-osztalya-szamara-1-resz-interaktiv-digitalis-tankonyv\/","title":{"rendered":"Slovensk\u00fd jazyk pre 4.ro\u010dn\u00edk Z\u0160 &#8211; interakt\u00edvna digit\u00e1lna u\u010debnica -1.\u010das\u0165"},"content":{"rendered":"<p>Obsah interakt\u00edvnej digit\u00e1lnej u\u010debnice je rovnak\u00fd ako obsah tla\u010denej u\u010debnice. Na druhej strane obsahuje ozvu\u010den\u00e9 texty, dial\u00f3gy, interakt\u00edvne \u00falohy, anim\u00e1cie.<\/p>\n","protected":false},"excerpt":{"rendered":"<p>Obsah interakt\u00edvnej digit\u00e1lnej u\u010debnice je rovnak\u00fd ako obsah tla\u010denej u\u010debnice. Na druhej strane obsahuje ozvu\u010den\u00e9 texty, dial\u00f3gy, interakt\u00edvne \u00falohy, anim\u00e1cie. [wpdm_package id=&#8217;4085&#8242;]<\/p>\n","protected":false},"featured_media":54280,"template":"","meta":[],"product_cat":[299],"product_tag":[],"_links":{"self":[{"href":"https:\/\/terra-bratislava.sk\/sk\/wp-json\/wp\/v2\/product\/57385"}],"collection":[{"href":"https:\/\/terra-bratislava.sk\/sk\/wp-json\/wp\/v2\/product"}],"about":[{"href":"https:\/\/terra-bratislava.sk\/sk\/wp-json\/wp\/v2\/types\/product"}],"wp:featuredmedia":[{"embeddable":true,"href":"https:\/\/terra-bratislava.sk\/sk\/wp-json\/wp\/v2\/media\/54280"}],"wp:attachment":[{"href":"https:\/\/terra-bratislava.sk\/sk\/wp-json\/wp\/v2\/media?parent=57385"}],"wp:term":[{"taxonomy":"product_cat","embeddable":true,"href":"https:\/\/terra-bratislava.sk\/sk\/wp-json\/wp\/v2\/product_cat?post=57385"},{"taxonomy":"product_tag","embeddable":true,"href":"https:\/\/terra-bratislava.sk\/sk\/wp-json\/wp\/v2\/product_tag?post=57385"}],"curies":[{"name":"wp","href":"https:\/\/api.w.org\/{rel}","templated":true}]}}