{"id":57386,"date":"2018-08-07T23:06:35","date_gmt":"2018-08-07T21:06:35","guid":{"rendered":"https:\/\/terra-bratislava.sk\/product\/szlovak-nyelv-az-ai-4-osztalya-szamara-munkafuzet\/"},"modified":"2021-10-20T11:03:28","modified_gmt":"2021-10-20T09:03:28","slug":"szlovak-nyelv-az-ai-4-osztalya-szamara-munkafuzet","status":"publish","type":"product","link":"https:\/\/terra-bratislava.sk\/sk\/produkt\/szlovak-nyelv-az-ai-4-osztalya-szamara-munkafuzet\/","title":{"rendered":"Slovensk\u00fd jazyk pre 4.ro\u010dn\u00edk Z\u0160 &#8211; Pracovn\u00fd zo\u0161it"},"content":{"rendered":"<p>Pracovn\u00fd zo\u0161it nadv\u00e4zuje na prv\u00fa a druh\u00fa \u010das\u0165 u\u010debnice,obsahuje mno\u017estvo r\u00f4znorod\u00fdch \u00faloh,v\u010faka ktor\u00fdm si \u017eiaci e\u0161te viac upevnia nadobudnut\u00e9 vedomosti pre dan\u00fa vekov\u00fa kateg\u00f3riu.<\/p>\n","protected":false},"excerpt":{"rendered":"<p>Pracovn\u00fd zo\u0161it nadv\u00e4zuje na prv\u00fa a druh\u00fa \u010das\u0165 u\u010debnice, obsahuje mno\u017estvo r\u00f4znorod\u00fdch \u00faloh, v\u010faka ktor\u00fdm si \u017eiaci e\u0161te viac upevnia nadobudnut\u00e9 vedomosti pre dan\u00fa vekov\u00fa kateg\u00f3riu.<\/p>\n","protected":false},"featured_media":2926,"template":"","meta":[],"product_cat":[346,351,350,347,291,292],"product_tag":[],"_links":{"self":[{"href":"https:\/\/terra-bratislava.sk\/sk\/wp-json\/wp\/v2\/product\/57386"}],"collection":[{"href":"https:\/\/terra-bratislava.sk\/sk\/wp-json\/wp\/v2\/product"}],"about":[{"href":"https:\/\/terra-bratislava.sk\/sk\/wp-json\/wp\/v2\/types\/product"}],"wp:featuredmedia":[{"embeddable":true,"href":"https:\/\/terra-bratislava.sk\/sk\/wp-json\/wp\/v2\/media\/2926"}],"wp:attachment":[{"href":"https:\/\/terra-bratislava.sk\/sk\/wp-json\/wp\/v2\/media?parent=57386"}],"wp:term":[{"taxonomy":"product_cat","embeddable":true,"href":"https:\/\/terra-bratislava.sk\/sk\/wp-json\/wp\/v2\/product_cat?post=57386"},{"taxonomy":"product_tag","embeddable":true,"href":"https:\/\/terra-bratislava.sk\/sk\/wp-json\/wp\/v2\/product_tag?post=57386"}],"curies":[{"name":"wp","href":"https:\/\/api.w.org\/{rel}","templated":true}]}}