{"id":57387,"date":"2018-08-07T23:06:34","date_gmt":"2018-08-07T21:06:34","guid":{"rendered":"https:\/\/terra-bratislava.sk\/product\/szlovak-nyelv-az-ai-4-osztalya-szamara-2-resz\/"},"modified":"2021-10-20T11:04:04","modified_gmt":"2021-10-20T09:04:04","slug":"szlovak-nyelv-az-ai-4-osztalya-szamara-2-resz","status":"publish","type":"product","link":"https:\/\/terra-bratislava.sk\/sk\/produkt\/szlovak-nyelv-az-ai-4-osztalya-szamara-2-resz\/","title":{"rendered":"Slovensk\u00fd jazyk pre 4.ro\u010dn\u00edk Z\u0160 -U\u010debnica 2.\u010das\u0165"},"content":{"rendered":"<p>Didaktick\u00fd prostriedok prispieva  k dosahovaniu cie\u013eov definovan\u00fdch v predmete pre ktor\u00fd je ur\u010den\u00fd.Obsahuje mno\u017estvo \u00faloh zameran\u00fdch na to,aby \u017eiaci odpovedali na ot\u00e1zky via\u017e\u00face sa textu.\u00dalohy rozv\u00edjaj\u00fa schopnos\u0165 det\u00ed tvori\u0165 vety \u010di kr\u00e1tke pr\u00edbehy.U\u010debnica je v s\u00falade so v\u0161eobecne plat\u00fdmi etick\u00fdmi normami,je pravdiv\u00fd, overite\u013en\u00fd.Obsah je v s\u00falade s i\u0160VP.<\/p>\n","protected":false},"excerpt":{"rendered":"<p>Didaktick\u00fd prostriedok prispieva  k dosahovaniu cie\u013eov definovan\u00fdch v predmete pre ktor\u00fd je ur\u010den\u00fd. Obsahuje mno\u017estvo \u00faloh zameran\u00fdch na to, aby \u017eiaci odpovedali na ot\u00e1zky via\u017euce sa textu. \u00dalohy rozv\u00edjaj\u00fa schopnos\u0165 det\u00ed tvori\u0165 vety \u010di kr\u00e1tke pr\u00edbehy. U\u010debnica je v s\u00falade so v\u0161eobecne platn\u00fdmi etick\u00fdmi normami, je pravdiv\u00fd, overite\u013en\u00fd. Obsah je v s\u00falade s i\u0160VP.<\/p>\n","protected":false},"featured_media":2924,"template":"","meta":[],"product_cat":[346,351,347,291,292],"product_tag":[],"_links":{"self":[{"href":"https:\/\/terra-bratislava.sk\/sk\/wp-json\/wp\/v2\/product\/57387"}],"collection":[{"href":"https:\/\/terra-bratislava.sk\/sk\/wp-json\/wp\/v2\/product"}],"about":[{"href":"https:\/\/terra-bratislava.sk\/sk\/wp-json\/wp\/v2\/types\/product"}],"wp:featuredmedia":[{"embeddable":true,"href":"https:\/\/terra-bratislava.sk\/sk\/wp-json\/wp\/v2\/media\/2924"}],"wp:attachment":[{"href":"https:\/\/terra-bratislava.sk\/sk\/wp-json\/wp\/v2\/media?parent=57387"}],"wp:term":[{"taxonomy":"product_cat","embeddable":true,"href":"https:\/\/terra-bratislava.sk\/sk\/wp-json\/wp\/v2\/product_cat?post=57387"},{"taxonomy":"product_tag","embeddable":true,"href":"https:\/\/terra-bratislava.sk\/sk\/wp-json\/wp\/v2\/product_tag?post=57387"}],"curies":[{"name":"wp","href":"https:\/\/api.w.org\/{rel}","templated":true}]}}