{"id":57389,"date":"2018-08-07T23:06:33","date_gmt":"2018-08-07T21:06:33","guid":{"rendered":"https:\/\/terra-bratislava.sk\/product\/munkafuzet-az-olvasokonyv-az-ai-4-osztalya-szamara\/"},"modified":"2021-10-20T11:05:59","modified_gmt":"2021-10-20T09:05:59","slug":"munkafuzet-az-olvasokonyv-az-ai-4-osztalya-szamara","status":"publish","type":"product","link":"https:\/\/terra-bratislava.sk\/sk\/produkt\/munkafuzet-az-olvasokonyv-az-ai-4-osztalya-szamara\/","title":{"rendered":"Pracovn\u00fd zo\u0161it k \u010d\u00edtanke pre 4.ro\u010dn\u00edk Z\u0160"},"content":{"rendered":"<p>Pracovn\u00fd zo\u0161it je organicky prepojen\u00fd s podobn\u00fdmi u\u010debn\u00fdmi pom\u00f4ckami z predch\u00e1dzaj\u00facich ro\u010dn\u00edkov. \u0160trukt\u00fara u\u010diva a \u0161trukt\u00fara tohto u\u010debn\u00e9ho prostriedku nadv\u00e4zuje na u\u010debnicu. Jeho \u00falohy s\u00fa rozmanit\u00e9, motivuj\u00face, \u010dasto hrav\u00e9, vyu\u017e\u00edvaj\u00face pestros\u0165 ma\u010farsk\u00e9ho jazyka. \u00dalohy r\u00f4znej n\u00e1ro\u010dnosti poskytuj\u00fa aj pr\u00edle\u017eitosti na diferenci\u00e1ciu a kreat\u00edvne rie\u0161enia. S\u00fa vhodn\u00e9 na preh\u013abenie, precvi\u010denie a aplik\u00e1ciu osvojen\u00e9ho u\u010diva. Rozvoj komunik\u00e1cie v materinskom jazyku a \u010fal\u0161\u00edch k\u013e\u00fa\u010dov\u00fdch kompetenci\u00ed je dobre mo\u017en\u00e9 dosiahnu\u0165 pomocou pracovn\u00e9ho zo\u0161ita, ktor\u00e9ho cie\u013eom je okrem rozvoja \u010d\u00edtania, porozumenia, pravopisu a tvorby textu tie\u017e rozvoj kognit\u00edvnych schopnost\u00ed. <\/p>\n","protected":false},"excerpt":{"rendered":"<p>Pracovn\u00fd zo\u0161it je organicky prepojen\u00fd s podobn\u00fdmi u\u010debn\u00fdmi pom\u00f4ckami z predch\u00e1dzaj\u00facich ro\u010dn\u00edkov. \u0160trukt\u00fara u\u010diva a \u0161trukt\u00fara tohto u\u010debn\u00e9ho prostriedku nadv\u00e4zuje na u\u010debnicu. Jeho \u00falohy s\u00fa rozmanit\u00e9, motivuj\u00face, \u010dasto hrav\u00e9, vyu\u017e\u00edvaj\u00face pestros\u0165 ma\u010farsk\u00e9ho jazyka. \u00dalohy r\u00f4znej n\u00e1ro\u010dnosti poskytuj\u00fa aj pr\u00edle\u017eitosti na diferenci\u00e1ciu a kreat\u00edvne rie\u0161enia. S\u00fa vhodn\u00e9 na preh\u013abenie, precvi\u010denie a aplik\u00e1ciu osvojen\u00e9ho u\u010diva. Rozvoj komunik\u00e1cie v materinskom jazyku a \u010fal\u0161\u00edch k\u013e\u00fa\u010dov\u00fdch kompetenci\u00ed je dobre mo\u017en\u00e9 dosiahnu\u0165 pomocou pracovn\u00e9ho zo\u0161ita, ktor\u00e9ho cie\u013eom je okrem rozvoja \u010d\u00edtania, porozumenia, pravopisu a tvorby textu tie\u017e rozvoj kognit\u00edvnych schopnost\u00ed. <\/p>\n","protected":false},"featured_media":2920,"template":"","meta":[],"product_cat":[346,351,354,291,292],"product_tag":[],"_links":{"self":[{"href":"https:\/\/terra-bratislava.sk\/sk\/wp-json\/wp\/v2\/product\/57389"}],"collection":[{"href":"https:\/\/terra-bratislava.sk\/sk\/wp-json\/wp\/v2\/product"}],"about":[{"href":"https:\/\/terra-bratislava.sk\/sk\/wp-json\/wp\/v2\/types\/product"}],"wp:featuredmedia":[{"embeddable":true,"href":"https:\/\/terra-bratislava.sk\/sk\/wp-json\/wp\/v2\/media\/2920"}],"wp:attachment":[{"href":"https:\/\/terra-bratislava.sk\/sk\/wp-json\/wp\/v2\/media?parent=57389"}],"wp:term":[{"taxonomy":"product_cat","embeddable":true,"href":"https:\/\/terra-bratislava.sk\/sk\/wp-json\/wp\/v2\/product_cat?post=57389"},{"taxonomy":"product_tag","embeddable":true,"href":"https:\/\/terra-bratislava.sk\/sk\/wp-json\/wp\/v2\/product_tag?post=57389"}],"curies":[{"name":"wp","href":"https:\/\/api.w.org\/{rel}","templated":true}]}}