{"id":57390,"date":"2018-08-07T23:06:33","date_gmt":"2018-08-07T21:06:33","guid":{"rendered":"https:\/\/terra-bratislava.sk\/product\/olvasokonyv-az-ai-4-osztalya-szamara\/"},"modified":"2021-10-20T11:05:29","modified_gmt":"2021-10-20T09:05:29","slug":"olvasokonyv-az-ai-4-osztalya-szamara","status":"publish","type":"product","link":"https:\/\/terra-bratislava.sk\/sk\/produkt\/olvasokonyv-az-ai-4-osztalya-szamara\/","title":{"rendered":"\u010c\u00edtanka pre 4.ro\u010dn\u00edk Z\u0160"},"content":{"rendered":"<p>\u010c\u00edtanka je s\u00fa\u010das\u0165ou rodiny u\u010debn\u00edc SZIV\u00c1RV\u00c1NY. Obsahuje v\u0161etky vedomosti a pojmy, ktor\u00e9 ISCED-1 uklad\u00e1 \u017eiakom 4. triedy. Vybran\u00fd reperto\u00e1r obohacuj\u00fa r\u00f4znorod\u00e9 a nov\u00e9 druhy textov a s\u00fa\u010dasn\u00e9 liter\u00e1rne diela. Svojimi \u00faryvkami sa sna\u017e\u00ed sprostredkova\u0165 mor\u00e1lne hodnoty, re\u0161pektova\u0165 a pestova\u0165 trad\u00edcie, prezentova\u0165 pozit\u00edvne formy spr\u00e1vania a rozv\u00edja\u0165 pln\u00fa osobnos\u0165 \u017eiakov. R\u00f4znorod\u00fd textov\u00fd materi\u00e1l a s n\u00edm s\u00favisiace ot\u00e1zky pon\u00fakaj\u00fa pr\u00edle\u017eitosti pre rozv\u00edjanie kognit\u00edvnych schopnost\u00ed a kompetenci\u00ed, ako aj individu\u00e1lnu, p\u00e1rov\u00fa a skupinov\u00fa pr\u00e1cu. \u010c\u00edtania r\u00f4znych \u017e\u00e1nrov s\u00fa vhodn\u00e9 pre anal\u00fdzu textov, rozvoj komunik\u00e1cie, techn\u00edk \u010d\u00edtania a porozumenia, vytv\u00e1rania nez\u00e1visl\u00fdch met\u00f3d u\u010denia a vzdel\u00e1vania \u010ditate\u013ea. Kr\u00e1sne, farebn\u00e9 ilustr\u00e1cie, fotografie a umeleck\u00e9 reprodukcie robia pestr\u00fd obsah \u010d\u00edtanky e\u0161te \u017eiv\u0161\u00edm.<\/p>\n","protected":false},"excerpt":{"rendered":"<p>\u010c\u00edtanka je s\u00fa\u010das\u0165ou rodiny u\u010debn\u00edc SZIV\u00c1RV\u00c1NY. Obsahuje v\u0161etky vedomosti a pojmy, ktor\u00e9 ISCED-1 uklad\u00e1 \u017eiakom 4. triedy. Vybran\u00fd reperto\u00e1r obohacuj\u00fa r\u00f4znorod\u00e9 a nov\u00e9 druhy textov a s\u00fa\u010dasn\u00e9 liter\u00e1rne diela. Svojimi \u00faryvkami sa sna\u017e\u00ed sprostredkova\u0165 mor\u00e1lne hodnoty, re\u0161pektova\u0165 a pestova\u0165 trad\u00edcie, prezentova\u0165 pozit\u00edvne formy spr\u00e1vania a rozv\u00edja\u0165 pln\u00fa osobnos\u0165 \u017eiakov. R\u00f4znorod\u00fd textov\u00fd materi\u00e1l a s n\u00edm s\u00favisiace ot\u00e1zky pon\u00fakaj\u00fa pr\u00edle\u017eitosti pre rozv\u00edjanie kognit\u00edvnych schopnost\u00ed a kompetenci\u00ed, ako aj individu\u00e1lnu, p\u00e1rov\u00fa a skupinov\u00fa pr\u00e1cu. \u010c\u00edtania r\u00f4znych \u017e\u00e1nrov s\u00fa vhodn\u00e9 pre anal\u00fdzu textov, rozvoj komunik\u00e1cie, techn\u00edk \u010d\u00edtania a porozumenia, vytv\u00e1rania nez\u00e1visl\u00fdch met\u00f3d u\u010denia a vzdel\u00e1vania \u010ditate\u013ea. Kr\u00e1sne, farebn\u00e9 ilustr\u00e1cie, fotografie a umeleck\u00e9 reprodukcie robia pestr\u00fd obsah \u010d\u00edtanky e\u0161te \u017eiv\u0161\u00edm.<\/p>\n","protected":false},"featured_media":2918,"template":"","meta":[],"product_cat":[346,351,354,291,292],"product_tag":[],"_links":{"self":[{"href":"https:\/\/terra-bratislava.sk\/sk\/wp-json\/wp\/v2\/product\/57390"}],"collection":[{"href":"https:\/\/terra-bratislava.sk\/sk\/wp-json\/wp\/v2\/product"}],"about":[{"href":"https:\/\/terra-bratislava.sk\/sk\/wp-json\/wp\/v2\/types\/product"}],"wp:featuredmedia":[{"embeddable":true,"href":"https:\/\/terra-bratislava.sk\/sk\/wp-json\/wp\/v2\/media\/2918"}],"wp:attachment":[{"href":"https:\/\/terra-bratislava.sk\/sk\/wp-json\/wp\/v2\/media?parent=57390"}],"wp:term":[{"taxonomy":"product_cat","embeddable":true,"href":"https:\/\/terra-bratislava.sk\/sk\/wp-json\/wp\/v2\/product_cat?post=57390"},{"taxonomy":"product_tag","embeddable":true,"href":"https:\/\/terra-bratislava.sk\/sk\/wp-json\/wp\/v2\/product_tag?post=57390"}],"curies":[{"name":"wp","href":"https:\/\/api.w.org\/{rel}","templated":true}]}}