{"id":57391,"date":"2018-08-07T23:06:32","date_gmt":"2018-08-07T21:06:32","guid":{"rendered":"https:\/\/terra-bratislava.sk\/product\/magyar-nyelv-munkafuzet-az-ai-4-osztalya-szamara\/"},"modified":"2021-10-20T11:06:37","modified_gmt":"2021-10-20T09:06:37","slug":"magyar-nyelv-munkafuzet-az-ai-4-osztalya-szamara","status":"publish","type":"product","link":"https:\/\/terra-bratislava.sk\/sk\/produkt\/magyar-nyelv-munkafuzet-az-ai-4-osztalya-szamara\/","title":{"rendered":"Ma\u010farsk\u00fd jazyk -Pracovn\u00fd zo\u0161it pre 4.ro\u010dn\u00edk Z\u0160"},"content":{"rendered":"<p>Pracovn\u00fd zo\u0161it (Gramatika, pravopis, slohov\u00e9 pr\u00e1ce) nadv\u00e4zuje na \u0161trukt\u00faru a usporiadanie U\u010debnice ma\u010farsk\u00e9ho jazyka 4. triedy. Jeho \u00falohy s\u00fa rozmanit\u00e9, motivuj\u00face, \u010dasto hrav\u00e9, vyu\u017e\u00edvaj\u00face pestros\u0165 ma\u010farsk\u00e9ho jazyka. \u00dalohy r\u00f4znej n\u00e1ro\u010dnosti poskytuj\u00fa aj pr\u00edle\u017eitosti na diferenci\u00e1ciu a kreat\u00edvne rie\u0161enia. S\u00fa vhodn\u00e9 pre preh\u013abenie, precvi\u010denie a aplik\u00e1ciu osvojen\u00e9ho u\u010diva. Pomocou pracovn\u00e9ho zo\u0161ita je dobre mo\u017en\u00e9 dosiahnu\u0165 rozvoj komunik\u00e1cie v materinskom jazyku a \u010fal\u0161\u00edch k\u013e\u00fa\u010dov\u00fdch kompetenci\u00ed.<\/p>\n","protected":false},"excerpt":{"rendered":"<p>Pracovn\u00fd zo\u0161it (Gramatika, pravopis, slohov\u00e9 pr\u00e1ce) nadv\u00e4zuje na \u0161trukt\u00faru a usporiadanie U\u010debnice ma\u010farsk\u00e9ho jazyka 4. triedy. Jeho \u00falohy s\u00fa rozmanit\u00e9, motivuj\u00face, \u010dasto hrav\u00e9, vyu\u017e\u00edvaj\u00face pestros\u0165 ma\u010farsk\u00e9ho jazyka. \u00dalohy r\u00f4znej n\u00e1ro\u010dnosti poskytuj\u00fa aj pr\u00edle\u017eitosti na diferenci\u00e1ciu a kreat\u00edvne rie\u0161enia. S\u00fa vhodn\u00e9 pre preh\u013abenie, precvi\u010denie a aplik\u00e1ciu osvojen\u00e9ho u\u010diva. Pomocou pracovn\u00e9ho zo\u0161ita je dobre mo\u017en\u00e9 dosiahnu\u0165 rozvoj komunik\u00e1cie v materinskom jazyku a \u010fal\u0161\u00edch k\u013e\u00fa\u010dov\u00fdch kompetenci\u00ed.<\/p>\n","protected":false},"featured_media":2916,"template":"","meta":[],"product_cat":[346,351,354,350,291,292],"product_tag":[],"_links":{"self":[{"href":"https:\/\/terra-bratislava.sk\/sk\/wp-json\/wp\/v2\/product\/57391"}],"collection":[{"href":"https:\/\/terra-bratislava.sk\/sk\/wp-json\/wp\/v2\/product"}],"about":[{"href":"https:\/\/terra-bratislava.sk\/sk\/wp-json\/wp\/v2\/types\/product"}],"wp:featuredmedia":[{"embeddable":true,"href":"https:\/\/terra-bratislava.sk\/sk\/wp-json\/wp\/v2\/media\/2916"}],"wp:attachment":[{"href":"https:\/\/terra-bratislava.sk\/sk\/wp-json\/wp\/v2\/media?parent=57391"}],"wp:term":[{"taxonomy":"product_cat","embeddable":true,"href":"https:\/\/terra-bratislava.sk\/sk\/wp-json\/wp\/v2\/product_cat?post=57391"},{"taxonomy":"product_tag","embeddable":true,"href":"https:\/\/terra-bratislava.sk\/sk\/wp-json\/wp\/v2\/product_tag?post=57391"}],"curies":[{"name":"wp","href":"https:\/\/api.w.org\/{rel}","templated":true}]}}