{"id":57392,"date":"2018-08-07T23:06:31","date_gmt":"2018-08-07T21:06:31","guid":{"rendered":"https:\/\/terra-bratislava.sk\/product\/magyar-nyelv-tankonyv-az-ai-4-osztalya-szamara\/"},"modified":"2021-10-20T11:07:42","modified_gmt":"2021-10-20T09:07:42","slug":"magyar-nyelv-tankonyv-az-ai-4-osztalya-szamara","status":"publish","type":"product","link":"https:\/\/terra-bratislava.sk\/sk\/produkt\/magyar-nyelv-tankonyv-az-ai-4-osztalya-szamara\/","title":{"rendered":"Ma\u010farsk\u00fd jazyk-U\u010debnica pre 4.ro\u010dn\u00edk Z\u0160"},"content":{"rendered":"<p>U\u010debnica ma\u010farsk\u00e9ho jazyka je s\u00fa\u010das\u0165ou rodiny u\u010debn\u00edc SZIV\u00c1RV\u00c1NY. Obsahuje v\u0161etky vedomosti o gramatike, pravopise a slohov\u00fdch \u00faloh\u00e1ch, ktor\u00e9 ISCED-1 uklad\u00e1 \u017eiakom 4. triedy.<\/p>\n","protected":false},"excerpt":{"rendered":"<p>U\u010debnica ma\u010farsk\u00e9ho jazyka je s\u00fa\u010das\u0165ou rodiny u\u010debn\u00edc SZIV\u00c1RV\u00c1NY. Obsahuje v\u0161etky vedomosti o gramatike, pravopise a slohov\u00fdch \u00faloh\u00e1ch, ktor\u00e9 ISCED-1 uklad\u00e1 \u017eiakom 4. triedy.<\/p>\n","protected":false},"featured_media":2914,"template":"","meta":[],"product_cat":[346,351,354,291,292],"product_tag":[],"_links":{"self":[{"href":"https:\/\/terra-bratislava.sk\/sk\/wp-json\/wp\/v2\/product\/57392"}],"collection":[{"href":"https:\/\/terra-bratislava.sk\/sk\/wp-json\/wp\/v2\/product"}],"about":[{"href":"https:\/\/terra-bratislava.sk\/sk\/wp-json\/wp\/v2\/types\/product"}],"wp:featuredmedia":[{"embeddable":true,"href":"https:\/\/terra-bratislava.sk\/sk\/wp-json\/wp\/v2\/media\/2914"}],"wp:attachment":[{"href":"https:\/\/terra-bratislava.sk\/sk\/wp-json\/wp\/v2\/media?parent=57392"}],"wp:term":[{"taxonomy":"product_cat","embeddable":true,"href":"https:\/\/terra-bratislava.sk\/sk\/wp-json\/wp\/v2\/product_cat?post=57392"},{"taxonomy":"product_tag","embeddable":true,"href":"https:\/\/terra-bratislava.sk\/sk\/wp-json\/wp\/v2\/product_tag?post=57392"}],"curies":[{"name":"wp","href":"https:\/\/api.w.org\/{rel}","templated":true}]}}