{"id":57394,"date":"2018-08-07T23:06:30","date_gmt":"2018-08-07T21:06:30","guid":{"rendered":"https:\/\/terra-bratislava.sk\/product\/szlovak-nyelv-az-ai-3-osztalya-szamara-2-resz\/"},"modified":"2021-10-20T11:10:03","modified_gmt":"2021-10-20T09:10:03","slug":"szlovak-nyelv-az-ai-3-osztalya-szamara-2-resz","status":"publish","type":"product","link":"https:\/\/terra-bratislava.sk\/sk\/produkt\/szlovak-nyelv-az-ai-3-osztalya-szamara-2-resz\/","title":{"rendered":"Slovensk\u00fd jazyk pre 3.ro\u010dn\u00edk Z\u0160-U\u010debnica 2.\u010das\u0165"},"content":{"rendered":"<p>Koncepcia u\u010debnice uplat\u0148uje komunikat\u00edvny princ\u00edp vo vyu\u010dovan\u00ed.Obsah u\u010diva tvoria \u00fastne a hovorov\u00e9 cvi\u010denia v ktor\u00fdych sa precvi\u010duje slovn\u00e1 z\u00e1soba,v\u00fdslovnos\u0165 a gramatick\u00e9 \u0161trukt\u00fary slovensk\u00e9ho jazyka.<\/p>\n","protected":false},"excerpt":{"rendered":"<p>Koncepcia u\u010debnice uplat\u0148uje komunikat\u00edvny princ\u00edp vo vyu\u010dovan\u00ed. Obsah u\u010diva tvoria \u00fastne a hovorov\u00e9 cvi\u010denia v ktor\u00fdch sa precvi\u010duje slovn\u00e1 z\u00e1soba, v\u00fdslovnos\u0165 a gramatick\u00e9 \u0161trukt\u00fary slovensk\u00e9ho jazyka.<\/p>\n","protected":false},"featured_media":2908,"template":"","meta":[],"product_cat":[360,361,362,291,292],"product_tag":[],"_links":{"self":[{"href":"https:\/\/terra-bratislava.sk\/sk\/wp-json\/wp\/v2\/product\/57394"}],"collection":[{"href":"https:\/\/terra-bratislava.sk\/sk\/wp-json\/wp\/v2\/product"}],"about":[{"href":"https:\/\/terra-bratislava.sk\/sk\/wp-json\/wp\/v2\/types\/product"}],"wp:featuredmedia":[{"embeddable":true,"href":"https:\/\/terra-bratislava.sk\/sk\/wp-json\/wp\/v2\/media\/2908"}],"wp:attachment":[{"href":"https:\/\/terra-bratislava.sk\/sk\/wp-json\/wp\/v2\/media?parent=57394"}],"wp:term":[{"taxonomy":"product_cat","embeddable":true,"href":"https:\/\/terra-bratislava.sk\/sk\/wp-json\/wp\/v2\/product_cat?post=57394"},{"taxonomy":"product_tag","embeddable":true,"href":"https:\/\/terra-bratislava.sk\/sk\/wp-json\/wp\/v2\/product_tag?post=57394"}],"curies":[{"name":"wp","href":"https:\/\/api.w.org\/{rel}","templated":true}]}}