{"id":57395,"date":"2018-08-07T23:06:30","date_gmt":"2018-08-07T21:06:30","guid":{"rendered":"https:\/\/terra-bratislava.sk\/product\/szlovak-nyelv-az-ai-3-osztalya-szamara-munkafuzet\/"},"modified":"2021-10-20T11:09:26","modified_gmt":"2021-10-20T09:09:26","slug":"szlovak-nyelv-az-ai-3-osztalya-szamara-munkafuzet","status":"publish","type":"product","link":"https:\/\/terra-bratislava.sk\/sk\/produkt\/szlovak-nyelv-az-ai-3-osztalya-szamara-munkafuzet\/","title":{"rendered":"Slovensk\u00fd jazyk pre 3.ro\u010dn\u00edk Z\u0160 -Pracovn\u00fd zo\u0161it"},"content":{"rendered":"<p>Pracovn\u00fd zo\u0161it vych\u00e1dza z u\u010debn\u00fdch l\u00e1tok ,ktor\u00e9 obsahuj\u00fa \u0161tyri z\u00e1kladn\u00e9 po\u017eiadavky.Osvojenie si p\u00edsania,\u010d\u00edtania,rozpr\u00e1vania a hovoren\u00e9ho slova.Zameriava sa na pozorovanie jazyka,porozumenie,ukladanie slovnej z\u00e1soby a jeho pou\u017e\u00edvanie slovom a p\u00edsmom.<\/p>\n","protected":false},"excerpt":{"rendered":"<p>Pracovn\u00fd zo\u0161it vych\u00e1dza z u\u010debn\u00fdch l\u00e1tok, ktor\u00e9 obsahuj\u00fa \u0161tyri z\u00e1kladn\u00e9 po\u017eiadavky. Osvojenie si p\u00edsania, \u010d\u00edtania, rozpr\u00e1vania a hovoren\u00e9ho slova. Zameriava sa na pozorovanie jazyka, porozumenie, ukladanie slovnej z\u00e1soby a jeho pou\u017e\u00edvanie slovom a p\u00edsmom.<\/p>\n","protected":false},"featured_media":2910,"template":"","meta":[],"product_cat":[360,361,350,362,291,292],"product_tag":[],"_links":{"self":[{"href":"https:\/\/terra-bratislava.sk\/sk\/wp-json\/wp\/v2\/product\/57395"}],"collection":[{"href":"https:\/\/terra-bratislava.sk\/sk\/wp-json\/wp\/v2\/product"}],"about":[{"href":"https:\/\/terra-bratislava.sk\/sk\/wp-json\/wp\/v2\/types\/product"}],"wp:featuredmedia":[{"embeddable":true,"href":"https:\/\/terra-bratislava.sk\/sk\/wp-json\/wp\/v2\/media\/2910"}],"wp:attachment":[{"href":"https:\/\/terra-bratislava.sk\/sk\/wp-json\/wp\/v2\/media?parent=57395"}],"wp:term":[{"taxonomy":"product_cat","embeddable":true,"href":"https:\/\/terra-bratislava.sk\/sk\/wp-json\/wp\/v2\/product_cat?post=57395"},{"taxonomy":"product_tag","embeddable":true,"href":"https:\/\/terra-bratislava.sk\/sk\/wp-json\/wp\/v2\/product_tag?post=57395"}],"curies":[{"name":"wp","href":"https:\/\/api.w.org\/{rel}","templated":true}]}}