{"id":57397,"date":"2018-08-07T23:06:29","date_gmt":"2018-08-07T21:06:29","guid":{"rendered":"https:\/\/terra-bratislava.sk\/product\/munkafuzet-az-olvasokonyv-az-ai-3-osztalya-szamara\/"},"modified":"2021-10-20T11:10:47","modified_gmt":"2021-10-20T09:10:47","slug":"munkafuzet-az-olvasokonyv-az-ai-3-osztalya-szamara","status":"publish","type":"product","link":"https:\/\/terra-bratislava.sk\/sk\/produkt\/munkafuzet-az-olvasokonyv-az-ai-3-osztalya-szamara\/","title":{"rendered":"Pracovn\u00fd zo\u0161it k \u010d\u00edtanke pre 3.ro\u010dn\u00edk Z\u0160"},"content":{"rendered":"<p>Modern\u00fdm sp\u00f4sobom spracovan\u00fd pracovn\u00fd zo\u0161it v r\u00e1mci svojho syst\u00e9mu \u00faloh vyu\u017e\u00edva najnov\u0161ie met\u00f3dy a sna\u017e\u00ed sa o v\u0161estrann\u00fd rozvoj schopnost\u00ed a zru\u010dnost\u00ed. Predstavuje a precvi\u010duje algoritmy pre spracovanie textov r\u00f4znych \u017e\u00e1nrov. Db\u00e1 na pravideln\u00fd rozvoj verb\u00e1lneho prejavu vytv\u00e1ran\u00edm komunika\u010dn\u00fdch situ\u00e1ci\u00ed, podnecuje \u017eiakov k diskusii a k vyjadrovaniu svojich n\u00e1zorov. Poskytuje pr\u00edle\u017eitos\u0165 pre diferencovan\u00fd rozvoj \u0161tudentov a zadan\u00e9 \u00falohy m\u00f4\u017eu tie\u017e sl\u00fa\u017ei\u0165 ako z\u00e1klad pre aplik\u00e1ciu r\u00f4znych foriem pr\u00e1ce.<\/p>\n","protected":false},"excerpt":{"rendered":"<p>Modern\u00fdm sp\u00f4sobom spracovan\u00fd pracovn\u00fd zo\u0161it v r\u00e1mci svojho syst\u00e9mu \u00faloh vyu\u017e\u00edva najnov\u0161ie met\u00f3dy a sna\u017e\u00ed sa o v\u0161estrann\u00fd rozvoj schopnost\u00ed a zru\u010dnost\u00ed. Predstavuje a precvi\u010duje algoritmy pre spracovanie textov r\u00f4znych \u017e\u00e1nrov. Db\u00e1 na pravideln\u00fd rozvoj verb\u00e1lneho prejavu vytv\u00e1ran\u00edm komunika\u010dn\u00fdch situ\u00e1ci\u00ed, podnecuje \u017eiakov k diskusii a k vyjadrovaniu svojich n\u00e1zorov. Poskytuje pr\u00edle\u017eitos\u0165 pre diferencovan\u00fd rozvoj \u0161tudentov a zadan\u00e9 \u00falohy m\u00f4\u017eu tie\u017e sl\u00fa\u017ei\u0165 ako z\u00e1klad pre aplik\u00e1ciu r\u00f4znych foriem pr\u00e1ce.<\/p>\n","protected":false},"featured_media":2904,"template":"","meta":[],"product_cat":[360,361,365,291,292],"product_tag":[],"_links":{"self":[{"href":"https:\/\/terra-bratislava.sk\/sk\/wp-json\/wp\/v2\/product\/57397"}],"collection":[{"href":"https:\/\/terra-bratislava.sk\/sk\/wp-json\/wp\/v2\/product"}],"about":[{"href":"https:\/\/terra-bratislava.sk\/sk\/wp-json\/wp\/v2\/types\/product"}],"wp:featuredmedia":[{"embeddable":true,"href":"https:\/\/terra-bratislava.sk\/sk\/wp-json\/wp\/v2\/media\/2904"}],"wp:attachment":[{"href":"https:\/\/terra-bratislava.sk\/sk\/wp-json\/wp\/v2\/media?parent=57397"}],"wp:term":[{"taxonomy":"product_cat","embeddable":true,"href":"https:\/\/terra-bratislava.sk\/sk\/wp-json\/wp\/v2\/product_cat?post=57397"},{"taxonomy":"product_tag","embeddable":true,"href":"https:\/\/terra-bratislava.sk\/sk\/wp-json\/wp\/v2\/product_tag?post=57397"}],"curies":[{"name":"wp","href":"https:\/\/api.w.org\/{rel}","templated":true}]}}