{"id":57398,"date":"2018-08-07T23:06:28","date_gmt":"2018-08-07T21:06:28","guid":{"rendered":"https:\/\/terra-bratislava.sk\/product\/olvasokonyv-az-ai-3-osztalya-szamara\/"},"modified":"2021-10-20T11:12:04","modified_gmt":"2021-10-20T09:12:04","slug":"olvasokonyv-az-ai-3-osztalya-szamara","status":"publish","type":"product","link":"https:\/\/terra-bratislava.sk\/sk\/produkt\/olvasokonyv-az-ai-3-osztalya-szamara\/","title":{"rendered":"\u010c\u00edtanka pre 3.ro\u010dn\u00edk Z\u0160"},"content":{"rendered":"<p>&#8222;\u010c\u00edtanka je s\u00fa\u010das\u0165ou rodiny u\u010debn\u00edc SZIV\u00c1RV\u00c1NY. Obsahuje v\u0161etky vedomosti a pojmy, ktor\u00e9 ISCED-1 uklad\u00e1 \u017eiakom 3. ro\u010dn\u00edka.<br \/>\n\u010c\u00edtanka pon\u00faka mno\u017estvo \u010ditate\u013esk\u00fdch z\u00e1\u017eitkov pre v\u0161etky vekov\u00e9 kateg\u00f3rie. Svojimi uk\u00e1\u017ekami sprostredk\u00fava mor\u00e1lne hodnoty, predstavuje pozit\u00edvne formy spr\u00e1vania, je z\u00e1kladom pre v\u0161eobecn\u00e9 vzdel\u00e1vanie \u017eiakov a vychov\u00e1va ich k \u00facte a pestovaniu trad\u00edci\u00ed. V\u00fdber vych\u00e1dza z klasickej a s\u00fa\u010dasnej ma\u010farskej literat\u00fary. \u010c\u00edtania r\u00f4znych \u017e\u00e1nrov s\u00fa vhodn\u00e9 pre vyu\u010dovanie algoritmov textovej anal\u00fdzy, rozv\u00edjanie techn\u00edk \u010d\u00edtania, \u017eivej re\u010di a u\u010debn\u00fdch met\u00f3d. Ako novinka sa v knihe objavili ot\u00e1zky a \u00falohy, ktor\u00e9 s\u00fa kompletn\u00e9 iba spolu s pracovn\u00fdm zo\u0161itom.&#8220;<\/p>\n","protected":false},"excerpt":{"rendered":"<p>&#8222;\u010c\u00edtanka je s\u00fa\u010das\u0165ou rodiny u\u010debn\u00edc SZIV\u00c1RV\u00c1NY. Obsahuje v\u0161etky vedomosti a pojmy, ktor\u00e9 ISCED-1 uklad\u00e1 \u017eiakom 3. ro\u010dn\u00edka.<br \/>\n\u010c\u00edtanka pon\u00faka mno\u017estvo \u010ditate\u013esk\u00fdch z\u00e1\u017eitkov pre v\u0161etky vekov\u00e9 kateg\u00f3rie. Svojimi uk\u00e1\u017ekami sprostredk\u00fava mor\u00e1lne hodnoty, predstavuje pozit\u00edvne formy spr\u00e1vania, je z\u00e1kladom pre v\u0161eobecn\u00e9 vzdel\u00e1vanie \u017eiakov a vychov\u00e1va ich k \u00facte a pestovaniu trad\u00edci\u00ed. V\u00fdber vych\u00e1dza z klasickej a s\u00fa\u010dasnej ma\u010farskej literat\u00fary. \u010c\u00edtania r\u00f4znych \u017e\u00e1nrov s\u00fa vhodn\u00e9 pre vyu\u010dovanie algoritmov textovej anal\u00fdzy, rozv\u00edjanie techn\u00edk \u010d\u00edtania, \u017eivej re\u010di a u\u010debn\u00fdch met\u00f3d. Ako novinka sa v knihe objavili ot\u00e1zky a \u00falohy, ktor\u00e9 s\u00fa kompletn\u00e9 iba spolu s pracovn\u00fdm zo\u0161itom.&#8220;<\/p>\n","protected":false},"featured_media":2902,"template":"","meta":[],"product_cat":[360,361,365,291,292],"product_tag":[],"_links":{"self":[{"href":"https:\/\/terra-bratislava.sk\/sk\/wp-json\/wp\/v2\/product\/57398"}],"collection":[{"href":"https:\/\/terra-bratislava.sk\/sk\/wp-json\/wp\/v2\/product"}],"about":[{"href":"https:\/\/terra-bratislava.sk\/sk\/wp-json\/wp\/v2\/types\/product"}],"wp:featuredmedia":[{"embeddable":true,"href":"https:\/\/terra-bratislava.sk\/sk\/wp-json\/wp\/v2\/media\/2902"}],"wp:attachment":[{"href":"https:\/\/terra-bratislava.sk\/sk\/wp-json\/wp\/v2\/media?parent=57398"}],"wp:term":[{"taxonomy":"product_cat","embeddable":true,"href":"https:\/\/terra-bratislava.sk\/sk\/wp-json\/wp\/v2\/product_cat?post=57398"},{"taxonomy":"product_tag","embeddable":true,"href":"https:\/\/terra-bratislava.sk\/sk\/wp-json\/wp\/v2\/product_tag?post=57398"}],"curies":[{"name":"wp","href":"https:\/\/api.w.org\/{rel}","templated":true}]}}