{"id":57399,"date":"2018-08-07T23:06:28","date_gmt":"2018-08-07T21:06:28","guid":{"rendered":"https:\/\/terra-bratislava.sk\/product\/magyar-nyelv-munkafuzet-az-ai-3-osztalya-szamara\/"},"modified":"2021-10-20T11:11:27","modified_gmt":"2021-10-20T09:11:27","slug":"magyar-nyelv-munkafuzet-az-ai-3-osztalya-szamara","status":"publish","type":"product","link":"https:\/\/terra-bratislava.sk\/sk\/produkt\/magyar-nyelv-munkafuzet-az-ai-3-osztalya-szamara\/","title":{"rendered":"Ma\u010farsk\u00fd jazyk -Pracovn\u00fd zo\u0161it pre 3.ro\u010dn\u00edk Z\u0160"},"content":{"rendered":"<p>&#8222;Pracovn\u00fd zo\u0161it (Gramatika, pravopis, slohov\u00e9 pr\u00e1ce) nadv\u00e4zuje na \u0161trukt\u00faru a usporiadanie u\u010debnice ma\u010farsk\u00e9ho jazyka 3. triedy.<br \/>\nZadania s\u00fa vhodn\u00e9 pre individu\u00e1lne a skupinov\u00e9 u\u010denie, pom\u00e1haj\u00fa rozv\u00edja\u0165 spr\u00e1vne u\u010debn\u00e9 strat\u00e9gie a n\u00e1vyky. Zauj\u00edmav\u00e9 zadania, ktor\u00e9 s\u00fa \u010dasto na zamyslenie, respekt\u00edve hrav\u00e9, rozv\u00edjaj\u00fa spr\u00e1vny pravopis, pou\u017e\u00edvanie jazyka, tvoriv\u00e9 myslenie v materinskom jazyku a motivuj\u00fa chu\u0165 u\u010di\u0165 sa.&#8220;<\/p>\n","protected":false},"excerpt":{"rendered":"<p>&#8222;Pracovn\u00fd zo\u0161it (Gramatika, pravopis, slohov\u00e9 pr\u00e1ce) nadv\u00e4zuje na \u0161trukt\u00faru a usporiadanie u\u010debnice ma\u010farsk\u00e9ho jazyka 3. triedy.<br \/>\nZadania s\u00fa vhodn\u00e9 pre individu\u00e1lne a skupinov\u00e9 u\u010denie, pom\u00e1haj\u00fa rozv\u00edja\u0165 spr\u00e1vne u\u010debn\u00e9 strat\u00e9gie a n\u00e1vyky. Zauj\u00edmav\u00e9 zadania, ktor\u00e9 s\u00fa \u010dasto na zamyslenie, respekt\u00edve hrav\u00e9, rozv\u00edjaj\u00fa spr\u00e1vny pravopis, pou\u017e\u00edvanie jazyka, tvoriv\u00e9 myslenie v materinskom jazyku a motivuj\u00fa chu\u0165 u\u010di\u0165 sa.&#8220;<\/p>\n","protected":false},"featured_media":2900,"template":"","meta":[],"product_cat":[360,361,365,350,291,292],"product_tag":[],"_links":{"self":[{"href":"https:\/\/terra-bratislava.sk\/sk\/wp-json\/wp\/v2\/product\/57399"}],"collection":[{"href":"https:\/\/terra-bratislava.sk\/sk\/wp-json\/wp\/v2\/product"}],"about":[{"href":"https:\/\/terra-bratislava.sk\/sk\/wp-json\/wp\/v2\/types\/product"}],"wp:featuredmedia":[{"embeddable":true,"href":"https:\/\/terra-bratislava.sk\/sk\/wp-json\/wp\/v2\/media\/2900"}],"wp:attachment":[{"href":"https:\/\/terra-bratislava.sk\/sk\/wp-json\/wp\/v2\/media?parent=57399"}],"wp:term":[{"taxonomy":"product_cat","embeddable":true,"href":"https:\/\/terra-bratislava.sk\/sk\/wp-json\/wp\/v2\/product_cat?post=57399"},{"taxonomy":"product_tag","embeddable":true,"href":"https:\/\/terra-bratislava.sk\/sk\/wp-json\/wp\/v2\/product_tag?post=57399"}],"curies":[{"name":"wp","href":"https:\/\/api.w.org\/{rel}","templated":true}]}}