{"id":57400,"date":"2018-08-07T23:06:27","date_gmt":"2018-08-07T21:06:27","guid":{"rendered":"https:\/\/terra-bratislava.sk\/product\/magyar-nyelv-tankonyv-az-ai-3-osztalya-szamara\/"},"modified":"2021-10-20T11:12:40","modified_gmt":"2021-10-20T09:12:40","slug":"magyar-nyelv-tankonyv-az-ai-3-osztalya-szamara","status":"publish","type":"product","link":"https:\/\/terra-bratislava.sk\/sk\/produkt\/magyar-nyelv-tankonyv-az-ai-3-osztalya-szamara\/","title":{"rendered":"Ma\u010farsk\u00fd jazyk-U\u010debnica pre 3.ro\u010dn\u00edk Z\u0160"},"content":{"rendered":"<p>U\u010debnica ma\u010farsk\u00e9ho jazyka je s\u00fa\u010das\u0165ou rodiny u\u010debn\u00edc SZIV\u00c1RV\u00c1NY. Obsahuje v\u0161etky potrebn\u00e9 vedomosti o gramatike, pravopise a slohov\u00fdch \u00faloh\u00e1ch, ktor\u00e9 ISCED-1 uklad\u00e1 \u017eiakom 3. triedy. U\u010debnica poskytuje z\u00e1kladn\u00e9 vedomosti v oblasti tvorby viet, slov, slovn\u00fdch druhov. Gramatick\u00e9 vedomosti s\u00fa zabudovan\u00e9 do \u00faloh ka\u017edodenne pou\u017e\u00edvania jazyka. Hlavn\u00fdm cie\u013eom u\u010debnice je spr\u00e1vne osvojenie si pravopisu a spr\u00e1vneho pou\u017e\u00edvania jazyka zameran\u00e9ho na komunik\u00e1ciu. Podporuje u\u010denie zalo\u017een\u00e9 na aktivit\u00e1ch a na sk\u00fasenostiach, poskytuje dostatok \u010dasu a pr\u00edle\u017eitost\u00ed na zaznamenanie a preh\u013abenie toho, \u010do si u\u017e \u017eiak osvojil. Jej syst\u00e9m \u00faloh umo\u017e\u0148uje \u0161irok\u00fd rozvoj kompetenci\u00ed v s\u00falade s integrovan\u00fdm jazykov\u00fdm pr\u00edstupom. Podporuje pou\u017e\u00edvanie modern\u00fdch foriem pr\u00e1ce, spolupr\u00e1cu \u017eiakov.<\/p>\n","protected":false},"excerpt":{"rendered":"<p>U\u010debnica ma\u010farsk\u00e9ho jazyka je s\u00fa\u010das\u0165ou rodiny u\u010debn\u00edc SZIV\u00c1RV\u00c1NY. Obsahuje v\u0161etky potrebn\u00e9 vedomosti o gramatike, pravopise a slohov\u00fdch \u00faloh\u00e1ch, ktor\u00e9 ISCED-1 uklad\u00e1 \u017eiakom 3. triedy. U\u010debnica poskytuje z\u00e1kladn\u00e9 vedomosti v oblasti tvorby viet, slov, slovn\u00fdch druhov. Gramatick\u00e9 vedomosti s\u00fa zabudovan\u00e9 do \u00faloh ka\u017edodenne pou\u017e\u00edvania jazyka. Hlavn\u00fdm cie\u013eom u\u010debnice je spr\u00e1vne osvojenie si pravopisu a spr\u00e1vneho pou\u017e\u00edvania jazyka zameran\u00e9ho na komunik\u00e1ciu. Podporuje u\u010denie zalo\u017een\u00e9 na aktivit\u00e1ch a na sk\u00fasenostiach, poskytuje dostatok \u010dasu a pr\u00edle\u017eitost\u00ed na zaznamenanie a preh\u013abenie toho, \u010do si u\u017e \u017eiak osvojil. Jej syst\u00e9m \u00faloh umo\u017e\u0148uje \u0161irok\u00fd rozvoj kompetenci\u00ed v s\u00falade s integrovan\u00fdm jazykov\u00fdm pr\u00edstupom. Podporuje pou\u017e\u00edvanie modern\u00fdch foriem pr\u00e1ce, spolupr\u00e1cu \u017eiakov.<\/p>\n","protected":false},"featured_media":2898,"template":"","meta":[],"product_cat":[360,361,365,291,292],"product_tag":[],"_links":{"self":[{"href":"https:\/\/terra-bratislava.sk\/sk\/wp-json\/wp\/v2\/product\/57400"}],"collection":[{"href":"https:\/\/terra-bratislava.sk\/sk\/wp-json\/wp\/v2\/product"}],"about":[{"href":"https:\/\/terra-bratislava.sk\/sk\/wp-json\/wp\/v2\/types\/product"}],"wp:featuredmedia":[{"embeddable":true,"href":"https:\/\/terra-bratislava.sk\/sk\/wp-json\/wp\/v2\/media\/2898"}],"wp:attachment":[{"href":"https:\/\/terra-bratislava.sk\/sk\/wp-json\/wp\/v2\/media?parent=57400"}],"wp:term":[{"taxonomy":"product_cat","embeddable":true,"href":"https:\/\/terra-bratislava.sk\/sk\/wp-json\/wp\/v2\/product_cat?post=57400"},{"taxonomy":"product_tag","embeddable":true,"href":"https:\/\/terra-bratislava.sk\/sk\/wp-json\/wp\/v2\/product_tag?post=57400"}],"curies":[{"name":"wp","href":"https:\/\/api.w.org\/{rel}","templated":true}]}}