{"id":57401,"date":"2018-08-07T23:06:00","date_gmt":"2018-08-07T21:06:00","guid":{"rendered":"https:\/\/terra-bratislava.sk\/product\/szituacios-kepek\/"},"modified":"2021-10-20T11:13:03","modified_gmt":"2021-10-20T09:13:03","slug":"szituacios-kepek","status":"publish","type":"product","link":"https:\/\/terra-bratislava.sk\/sk\/produkt\/szituacios-kepek\/","title":{"rendered":"Situa\u010dn\u00e9 obrazy"},"content":{"rendered":"<p>Situa\u010dn\u00e9 obrazy: (V triede, N\u00e1\u0161 byt, Jar, Leto, Jese\u0148, Zima, Dom\u00e1ce zvierat\u00e1, Divok\u00e1 zver, V zoo, Povolania &#8211; 10 f\u00f3li\u00ed, obr\u00e1zky form\u00e1tu A3, 30 x 42 cm.)<\/p>\n","protected":false},"excerpt":{"rendered":"<p>Situa\u010dn\u00e9 obrazy: (V triede, N\u00e1\u0161 byt, Jar, Leto, Jese\u0148, Zima, Dom\u00e1ce zvierat\u00e1, Divok\u00e1 zver, V zoo, Povolania &#8211; 10 f\u00f3li\u00ed, obr\u00e1zky form\u00e1tu A3, 30 x 42 cm.)<\/p>\n","protected":false},"featured_media":3011,"template":"","meta":[],"product_cat":[349],"product_tag":[],"_links":{"self":[{"href":"https:\/\/terra-bratislava.sk\/sk\/wp-json\/wp\/v2\/product\/57401"}],"collection":[{"href":"https:\/\/terra-bratislava.sk\/sk\/wp-json\/wp\/v2\/product"}],"about":[{"href":"https:\/\/terra-bratislava.sk\/sk\/wp-json\/wp\/v2\/types\/product"}],"wp:featuredmedia":[{"embeddable":true,"href":"https:\/\/terra-bratislava.sk\/sk\/wp-json\/wp\/v2\/media\/3011"}],"wp:attachment":[{"href":"https:\/\/terra-bratislava.sk\/sk\/wp-json\/wp\/v2\/media?parent=57401"}],"wp:term":[{"taxonomy":"product_cat","embeddable":true,"href":"https:\/\/terra-bratislava.sk\/sk\/wp-json\/wp\/v2\/product_cat?post=57401"},{"taxonomy":"product_tag","embeddable":true,"href":"https:\/\/terra-bratislava.sk\/sk\/wp-json\/wp\/v2\/product_tag?post=57401"}],"curies":[{"name":"wp","href":"https:\/\/api.w.org\/{rel}","templated":true}]}}