{"id":57402,"date":"2018-08-07T23:04:57","date_gmt":"2018-08-07T21:04:57","guid":{"rendered":"https:\/\/terra-bratislava.sk\/product\/kepkartyak-2\/"},"modified":"2021-10-20T11:13:28","modified_gmt":"2021-10-20T09:13:28","slug":"kepkartyak","status":"publish","type":"product","link":"https:\/\/terra-bratislava.sk\/sk\/produkt\/kepkartyak\/","title":{"rendered":"Obrazov\u00e9 karti\u010dky"},"content":{"rendered":"<p>S\u00e9ria farebn\u00fdch tematicky usporiadan\u00fdch obr\u00e1zkov\u00fdch kariet. 160 kariet spracov\u00e1va v\u0161etky okruhy t\u00e9m pre 1. a 2. triedu. (Ve\u013ekos\u0165: 73 x 107 mm). Okrem v\u00fdu\u010dby sloven\u010diny m\u00f4\u017ee by\u0165 vhodn\u00fd aj pre v\u00fdu\u010dbu \u010fal\u0161\u00edch cudz\u00edch jazykov.<\/p>\n","protected":false},"excerpt":{"rendered":"<p>S\u00e9ria farebn\u00fdch tematicky usporiadan\u00fdch obr\u00e1zkov\u00fdch kariet. 160 kariet spracov\u00e1va v\u0161etky okruhy t\u00e9m pre 1. a 2. triedu. (Ve\u013ekos\u0165: 73 x 107 mm). Okrem v\u00fdu\u010dby sloven\u010diny m\u00f4\u017ee by\u0165 vhodn\u00fd aj pre v\u00fdu\u010dbu \u010fal\u0161\u00edch cudz\u00edch jazykov.<\/p>\n","protected":false},"featured_media":2997,"template":"","meta":[],"product_cat":[367,349],"product_tag":[],"_links":{"self":[{"href":"https:\/\/terra-bratislava.sk\/sk\/wp-json\/wp\/v2\/product\/57402"}],"collection":[{"href":"https:\/\/terra-bratislava.sk\/sk\/wp-json\/wp\/v2\/product"}],"about":[{"href":"https:\/\/terra-bratislava.sk\/sk\/wp-json\/wp\/v2\/types\/product"}],"wp:featuredmedia":[{"embeddable":true,"href":"https:\/\/terra-bratislava.sk\/sk\/wp-json\/wp\/v2\/media\/2997"}],"wp:attachment":[{"href":"https:\/\/terra-bratislava.sk\/sk\/wp-json\/wp\/v2\/media?parent=57402"}],"wp:term":[{"taxonomy":"product_cat","embeddable":true,"href":"https:\/\/terra-bratislava.sk\/sk\/wp-json\/wp\/v2\/product_cat?post=57402"},{"taxonomy":"product_tag","embeddable":true,"href":"https:\/\/terra-bratislava.sk\/sk\/wp-json\/wp\/v2\/product_tag?post=57402"}],"curies":[{"name":"wp","href":"https:\/\/api.w.org\/{rel}","templated":true}]}}