{"id":57403,"date":"2018-08-07T23:04:56","date_gmt":"2018-08-07T21:04:56","guid":{"rendered":"https:\/\/terra-bratislava.sk\/product\/feladatgyujtemeny-1-resz-szlovak-nyelv-az-ai-2-osztalya-szamara\/"},"modified":"2021-10-20T11:43:25","modified_gmt":"2021-10-20T09:43:25","slug":"feladatgyujtemeny-1-resz-szlovak-nyelv-az-ai-2-osztalya-szamara","status":"publish","type":"product","link":"https:\/\/terra-bratislava.sk\/sk\/produkt\/feladatgyujtemeny-1-resz-szlovak-nyelv-az-ai-2-osztalya-szamara\/","title":{"rendered":"Zbierka \u00faloh a cvi\u010den\u00ed zo slovensk\u00e9ho jazyka pre 2.-4-ro\u010dn\u00edk Z\u0160 1.\u010das\u0165"},"content":{"rendered":"<p>Pracovn\u00fd zo\u0161it prispieva k rozv\u00edjaniu osobnosti a tvoriv\u00fdch schopnost\u00ed \u017eiakov.U\u010debnica re\u0161pektuje po\u017eiadavky \u0160VP ISCED 1.<\/p>\n","protected":false},"excerpt":{"rendered":"<p>Pracovn\u00fd zo\u0161it prispieva k rozv\u00edjaniu osobnosti a tvoriv\u00fdch schopnost\u00ed \u017eiakov. U\u010debnica re\u0161pektuje po\u017eiadavky \u0160VP ISCED 1.<\/p>\n","protected":false},"featured_media":2894,"template":"","meta":[],"product_cat":[368,350,369],"product_tag":[],"_links":{"self":[{"href":"https:\/\/terra-bratislava.sk\/sk\/wp-json\/wp\/v2\/product\/57403"}],"collection":[{"href":"https:\/\/terra-bratislava.sk\/sk\/wp-json\/wp\/v2\/product"}],"about":[{"href":"https:\/\/terra-bratislava.sk\/sk\/wp-json\/wp\/v2\/types\/product"}],"wp:featuredmedia":[{"embeddable":true,"href":"https:\/\/terra-bratislava.sk\/sk\/wp-json\/wp\/v2\/media\/2894"}],"wp:attachment":[{"href":"https:\/\/terra-bratislava.sk\/sk\/wp-json\/wp\/v2\/media?parent=57403"}],"wp:term":[{"taxonomy":"product_cat","embeddable":true,"href":"https:\/\/terra-bratislava.sk\/sk\/wp-json\/wp\/v2\/product_cat?post=57403"},{"taxonomy":"product_tag","embeddable":true,"href":"https:\/\/terra-bratislava.sk\/sk\/wp-json\/wp\/v2\/product_tag?post=57403"}],"curies":[{"name":"wp","href":"https:\/\/api.w.org\/{rel}","templated":true}]}}