{"id":57404,"date":"2018-08-07T23:04:56","date_gmt":"2018-08-07T21:04:56","guid":{"rendered":"https:\/\/terra-bratislava.sk\/product\/kepesszotar\/"},"modified":"2021-10-20T11:14:03","modified_gmt":"2021-10-20T09:14:03","slug":"kepesszotar","status":"publish","type":"product","link":"https:\/\/terra-bratislava.sk\/sk\/produkt\/kepesszotar\/","title":{"rendered":"Obr\u00e1zkov\u00fd slovn\u00edk zo slovensk\u00e9ho jazyka pre 2.-4.-ro\u010dn\u00edk Z\u0160"},"content":{"rendered":"<p>&#8222;Obr\u00e1zkov\u00fd slovn\u00edk sa sklad\u00e1 z dvoch \u010dast\u00ed.<\/p>\n<p>Prv\u00e1 \u010das\u0165 obsahuje farebn\u00e9 situa\u010dn\u00e9 obr\u00e1zky so slovensk\u00fdmi slovami a slovn\u00fdmi spojeniami. Pomocou situa\u010dn\u00fdch obr\u00e1zkov, slov a slovn\u00fdch spojen\u00ed m\u00f4\u017eu \u017eiaci vytv\u00e1ra\u0165 jednoduch\u00e9 vety \u010di kr\u00e1tke pr\u00edbehy.<\/p>\n<p>Druh\u00e1 \u010das\u0165 je \u010diernobiely ma\u010farsko-slovensk\u00fd obr\u00e1zkov\u00fd slovn\u00edk. Najbe\u017enej\u0161ie slov\u00e1 s\u00fa usporiadan\u00e9 v porad\u00ed pod\u013ea ma\u010farskej abecedy. Slovn\u00edk umo\u017e\u0148uje dopl\u0148ova\u0165 a roz\u0161irova\u0165 slovn\u00fa z\u00e1sobu. \u017diaci si m\u00f4\u017eu vyfarbi\u0165 obr\u00e1zky zobrazuj\u00face slov\u00e1 v porad\u00ed, v akom sa ich nau\u010dili, nap\u00edsa\u0165 slovensk\u00fd ekvivalent slova pod obr\u00e1zok a potom sami skontrolova\u0165 spr\u00e1vnos\u0165 pop\u00edsan\u00e9ho slova. Obr\u00e1zkov\u00fd slovn\u00edk je vlastn\u00edctvom \u017eiakov, \u017eiaci 2. a\u017e 4. triedy si v \u0148om pod\u013ea vlastn\u00e9ho tempa osvojovania slov vytvoria vlastn\u00fd ma\u010farsko-slovensk\u00fd slovn\u00edk.&#8220;<\/p>\n","protected":false},"excerpt":{"rendered":"<p>&#8222;Obr\u00e1zkov\u00fd slovn\u00edk sa sklad\u00e1 z dvoch \u010dast\u00ed.<\/p>\n<p>Prv\u00e1 \u010das\u0165 obsahuje farebn\u00e9 situa\u010dn\u00e9 obr\u00e1zky so slovensk\u00fdmi slovami a slovn\u00fdmi spojeniami. Pomocou situa\u010dn\u00fdch obr\u00e1zkov, slov a slovn\u00fdch spojen\u00ed m\u00f4\u017eu \u017eiaci vytv\u00e1ra\u0165 jednoduch\u00e9 vety \u010di kr\u00e1tke pr\u00edbehy.<\/p>\n<p>Druh\u00e1 \u010das\u0165 je \u010diernobiely ma\u010farsko-slovensk\u00fd obr\u00e1zkov\u00fd slovn\u00edk. Najbe\u017enej\u0161ie slov\u00e1 s\u00fa usporiadan\u00e9 v porad\u00ed pod\u013ea ma\u010farskej abecedy. Slovn\u00edk umo\u017e\u0148uje dopl\u0148ova\u0165 a roz\u0161irova\u0165 slovn\u00fa z\u00e1sobu. \u017diaci si m\u00f4\u017eu vyfarbi\u0165 obr\u00e1zky zobrazuj\u00face slov\u00e1 v porad\u00ed, v akom sa ich nau\u010dili, nap\u00edsa\u0165 slovensk\u00fd ekvivalent slova pod obr\u00e1zok a potom sami skontrolova\u0165 spr\u00e1vnos\u0165 pop\u00edsan\u00e9ho slova. Obr\u00e1zkov\u00fd slovn\u00edk je vlastn\u00edctvom \u017eiakov, \u017eiaci 2. a\u017e 4. triedy si v \u0148om pod\u013ea vlastn\u00e9ho tempa osvojovania slov vytvoria vlastn\u00fd ma\u010farsko-slovensk\u00fd slovn\u00edk.&#8220;<\/p>\n","protected":false},"featured_media":2896,"template":"","meta":[],"product_cat":[368,360,361,346,351,350,347,362,369],"product_tag":[],"_links":{"self":[{"href":"https:\/\/terra-bratislava.sk\/sk\/wp-json\/wp\/v2\/product\/57404"}],"collection":[{"href":"https:\/\/terra-bratislava.sk\/sk\/wp-json\/wp\/v2\/product"}],"about":[{"href":"https:\/\/terra-bratislava.sk\/sk\/wp-json\/wp\/v2\/types\/product"}],"wp:featuredmedia":[{"embeddable":true,"href":"https:\/\/terra-bratislava.sk\/sk\/wp-json\/wp\/v2\/media\/2896"}],"wp:attachment":[{"href":"https:\/\/terra-bratislava.sk\/sk\/wp-json\/wp\/v2\/media?parent=57404"}],"wp:term":[{"taxonomy":"product_cat","embeddable":true,"href":"https:\/\/terra-bratislava.sk\/sk\/wp-json\/wp\/v2\/product_cat?post=57404"},{"taxonomy":"product_tag","embeddable":true,"href":"https:\/\/terra-bratislava.sk\/sk\/wp-json\/wp\/v2\/product_tag?post=57404"}],"curies":[{"name":"wp","href":"https:\/\/api.w.org\/{rel}","templated":true}]}}