{"id":57407,"date":"2018-08-07T23:04:54","date_gmt":"2018-08-07T21:04:54","guid":{"rendered":"https:\/\/terra-bratislava.sk\/product\/szlovak-nyelv-az-ai-2-osztalya-szamara-1-resz\/"},"modified":"2021-10-20T11:44:42","modified_gmt":"2021-10-20T09:44:42","slug":"szlovak-nyelv-az-ai-2-osztalya-szamara-1-resz","status":"publish","type":"product","link":"https:\/\/terra-bratislava.sk\/sk\/produkt\/szlovak-nyelv-az-ai-2-osztalya-szamara-1-resz\/","title":{"rendered":"Slovensk\u00fd jazyk pre 2.ro\u010dn\u00edk Z\u0160 -U\u010debnica 1.\u010das\u0165"},"content":{"rendered":"<p>U\u010debnice Ypsilon 2 a pracovn\u00fd zo\u0161it plnom rozsahu vyhovuj\u00fa po\u017eiadavk\u00e1m schv\u00e1len\u00e9 M\u0160VV a \u0160SR.Obsahuje v\u0161etky po\u017eiadavky obsahov\u00e9ho a v\u00fdkonov\u00e9ho \u0161tandardu.U\u010debnica m\u00e1 charakter pracovn\u00e9ho \u0161t\u00fdlu.\u00dalohy u\u010debnice sa usiluj\u00fa o utvorenie prirodzenej jazykovej atmosf\u00e9ry hravou a zauj\u00edmavou formou.V r\u00e1mci imitovan\u00fdch situ\u00e1ci\u00e1ch precvi\u010duj\u00fa predstavovanie sa,po\u017eiadanie,blaho\u017eelanie a opis osoby,zviera\u0165a.<\/p>\n","protected":false},"excerpt":{"rendered":"<p>U\u010debnice Ypsilon 2 a pracovn\u00fd zo\u0161it plnom rozsahu vyhovuj\u00fa po\u017eiadavk\u00e1m schv\u00e1len\u00e9 M\u0160VV a \u0160SR. Obsahuje v\u0161etky po\u017eiadavky obsahov\u00e9ho a v\u00fdkonov\u00e9ho \u0161tandardu. U\u010debnica m\u00e1 charakter pracovn\u00e9ho \u0161t\u00fdlu. \u00dalohy u\u010debnice sa usiluj\u00fa o utvorenie prirodzenej jazykovej atmosf\u00e9ry hravou a zauj\u00edmavou formou. V r\u00e1mci imitovan\u00fdch situ\u00e1ci\u00e1ch precvi\u010duj\u00fa predstavovanie sa, po\u017eiadanie, blaho\u017eelanie a opis osoby, zviera\u0165a.<\/p>\n","protected":false},"featured_media":2888,"template":"","meta":[],"product_cat":[368,369],"product_tag":[],"_links":{"self":[{"href":"https:\/\/terra-bratislava.sk\/sk\/wp-json\/wp\/v2\/product\/57407"}],"collection":[{"href":"https:\/\/terra-bratislava.sk\/sk\/wp-json\/wp\/v2\/product"}],"about":[{"href":"https:\/\/terra-bratislava.sk\/sk\/wp-json\/wp\/v2\/types\/product"}],"wp:featuredmedia":[{"embeddable":true,"href":"https:\/\/terra-bratislava.sk\/sk\/wp-json\/wp\/v2\/media\/2888"}],"wp:attachment":[{"href":"https:\/\/terra-bratislava.sk\/sk\/wp-json\/wp\/v2\/media?parent=57407"}],"wp:term":[{"taxonomy":"product_cat","embeddable":true,"href":"https:\/\/terra-bratislava.sk\/sk\/wp-json\/wp\/v2\/product_cat?post=57407"},{"taxonomy":"product_tag","embeddable":true,"href":"https:\/\/terra-bratislava.sk\/sk\/wp-json\/wp\/v2\/product_tag?post=57407"}],"curies":[{"name":"wp","href":"https:\/\/api.w.org\/{rel}","templated":true}]}}