{"id":57408,"date":"2018-08-07T23:04:53","date_gmt":"2018-08-07T21:04:53","guid":{"rendered":"https:\/\/terra-bratislava.sk\/product\/munkafuzet-az-olvasokonyv-az-ai-2-osztalya-szamara\/"},"modified":"2021-10-20T11:45:54","modified_gmt":"2021-10-20T09:45:54","slug":"munkafuzet-az-olvasokonyv-az-ai-2-osztalya-szamara","status":"publish","type":"product","link":"https:\/\/terra-bratislava.sk\/sk\/produkt\/munkafuzet-az-olvasokonyv-az-ai-2-osztalya-szamara\/","title":{"rendered":"Pracovn\u00fd zo\u0161it k \u010d\u00edtanke pre 2.ro\u010dn\u00edk Z\u0160"},"content":{"rendered":"<p>\u010c\u00edtanka svojimi modern\u00fdmi \u00falohami pom\u00e1ha pri interpret\u00e1cii a anal\u00fdze textov .<\/p>\n","protected":false},"excerpt":{"rendered":"<p>\u010c\u00edtanka svojimi modern\u00fdmi \u00falohami pom\u00e1ha pri interpret\u00e1cii a anal\u00fdze textov .<\/p>\n","protected":false},"featured_media":2886,"template":"","meta":[],"product_cat":[368,373],"product_tag":[],"_links":{"self":[{"href":"https:\/\/terra-bratislava.sk\/sk\/wp-json\/wp\/v2\/product\/57408"}],"collection":[{"href":"https:\/\/terra-bratislava.sk\/sk\/wp-json\/wp\/v2\/product"}],"about":[{"href":"https:\/\/terra-bratislava.sk\/sk\/wp-json\/wp\/v2\/types\/product"}],"wp:featuredmedia":[{"embeddable":true,"href":"https:\/\/terra-bratislava.sk\/sk\/wp-json\/wp\/v2\/media\/2886"}],"wp:attachment":[{"href":"https:\/\/terra-bratislava.sk\/sk\/wp-json\/wp\/v2\/media?parent=57408"}],"wp:term":[{"taxonomy":"product_cat","embeddable":true,"href":"https:\/\/terra-bratislava.sk\/sk\/wp-json\/wp\/v2\/product_cat?post=57408"},{"taxonomy":"product_tag","embeddable":true,"href":"https:\/\/terra-bratislava.sk\/sk\/wp-json\/wp\/v2\/product_tag?post=57408"}],"curies":[{"name":"wp","href":"https:\/\/api.w.org\/{rel}","templated":true}]}}