{"id":57409,"date":"2018-08-07T23:04:53","date_gmt":"2018-08-07T21:04:53","guid":{"rendered":"https:\/\/terra-bratislava.sk\/product\/olvasokonyv-az-ai-2-osztalya-szamara\/"},"modified":"2021-10-20T11:46:20","modified_gmt":"2021-10-20T09:46:20","slug":"olvasokonyv-az-ai-2-osztalya-szamara","status":"publish","type":"product","link":"https:\/\/terra-bratislava.sk\/sk\/produkt\/olvasokonyv-az-ai-2-osztalya-szamara\/","title":{"rendered":"\u010c\u00edtanka pre 2.ro\u010dn\u00edk Z\u0160"},"content":{"rendered":"<p>\u010c\u00edtanka je s\u00fa\u010das\u0165ou rodiny u\u010debn\u00edc SZIV\u00c1RV\u00c1NY. Obsahuje v\u0161etky vedomosti a pojmy, ktor\u00e9 ISCED-1 uklad\u00e1 \u017eiakom 2. triedy. <\/p>\n","protected":false},"excerpt":{"rendered":"<p>\u010c\u00edtanka je s\u00fa\u010das\u0165ou rodiny u\u010debn\u00edc SZIV\u00c1RV\u00c1NY. Obsahuje v\u0161etky vedomosti a pojmy, ktor\u00e9 ISCED-1 uklad\u00e1 \u017eiakom 2. triedy. <\/p>\n","protected":false},"featured_media":2884,"template":"","meta":[],"product_cat":[368,373],"product_tag":[],"_links":{"self":[{"href":"https:\/\/terra-bratislava.sk\/sk\/wp-json\/wp\/v2\/product\/57409"}],"collection":[{"href":"https:\/\/terra-bratislava.sk\/sk\/wp-json\/wp\/v2\/product"}],"about":[{"href":"https:\/\/terra-bratislava.sk\/sk\/wp-json\/wp\/v2\/types\/product"}],"wp:featuredmedia":[{"embeddable":true,"href":"https:\/\/terra-bratislava.sk\/sk\/wp-json\/wp\/v2\/media\/2884"}],"wp:attachment":[{"href":"https:\/\/terra-bratislava.sk\/sk\/wp-json\/wp\/v2\/media?parent=57409"}],"wp:term":[{"taxonomy":"product_cat","embeddable":true,"href":"https:\/\/terra-bratislava.sk\/sk\/wp-json\/wp\/v2\/product_cat?post=57409"},{"taxonomy":"product_tag","embeddable":true,"href":"https:\/\/terra-bratislava.sk\/sk\/wp-json\/wp\/v2\/product_tag?post=57409"}],"curies":[{"name":"wp","href":"https:\/\/api.w.org\/{rel}","templated":true}]}}