{"id":57410,"date":"2018-08-07T23:04:52","date_gmt":"2018-08-07T21:04:52","guid":{"rendered":"https:\/\/terra-bratislava.sk\/product\/magyar-nyelv-munkafuzet-az-ai-2-osztalya-szamara\/"},"modified":"2021-10-20T11:47:11","modified_gmt":"2021-10-20T09:47:11","slug":"magyar-nyelv-munkafuzet-az-ai-2-osztalya-szamara","status":"publish","type":"product","link":"https:\/\/terra-bratislava.sk\/sk\/produkt\/magyar-nyelv-munkafuzet-az-ai-2-osztalya-szamara\/","title":{"rendered":"Ma\u010farsk\u00fd jazyk -Pracovn\u00fd zo\u0161it pre 2.ro\u010dn\u00edk Z\u0160"},"content":{"rendered":"<p>Pracovn\u00fd zo\u0161it (Gramatika, pravopis, slohov\u00e9 \u00falohy, p\u00edsanie) pojedn\u00e1va o \u0161trukt\u00fare a usporiadan\u00ed u\u010debn\u00fdch osnov U\u010debnice ma\u010farsk\u00e9ho jazyka pre druh\u00fa triedu.<\/p>\n","protected":false},"excerpt":{"rendered":"<p>Pracovn\u00fd zo\u0161it (Gramatika, pravopis, slohov\u00e9 \u00falohy, p\u00edsanie) pojedn\u00e1va o \u0161trukt\u00fare a usporiadan\u00ed u\u010debn\u00fdch osnov U\u010debnice ma\u010farsk\u00e9ho jazyka pre druh\u00fa triedu.<\/p>\n","protected":false},"featured_media":2882,"template":"","meta":[],"product_cat":[368,373],"product_tag":[],"_links":{"self":[{"href":"https:\/\/terra-bratislava.sk\/sk\/wp-json\/wp\/v2\/product\/57410"}],"collection":[{"href":"https:\/\/terra-bratislava.sk\/sk\/wp-json\/wp\/v2\/product"}],"about":[{"href":"https:\/\/terra-bratislava.sk\/sk\/wp-json\/wp\/v2\/types\/product"}],"wp:featuredmedia":[{"embeddable":true,"href":"https:\/\/terra-bratislava.sk\/sk\/wp-json\/wp\/v2\/media\/2882"}],"wp:attachment":[{"href":"https:\/\/terra-bratislava.sk\/sk\/wp-json\/wp\/v2\/media?parent=57410"}],"wp:term":[{"taxonomy":"product_cat","embeddable":true,"href":"https:\/\/terra-bratislava.sk\/sk\/wp-json\/wp\/v2\/product_cat?post=57410"},{"taxonomy":"product_tag","embeddable":true,"href":"https:\/\/terra-bratislava.sk\/sk\/wp-json\/wp\/v2\/product_tag?post=57410"}],"curies":[{"name":"wp","href":"https:\/\/api.w.org\/{rel}","templated":true}]}}