{"id":57411,"date":"2018-08-07T23:04:52","date_gmt":"2018-08-07T21:04:52","guid":{"rendered":"https:\/\/terra-bratislava.sk\/product\/magyar-nyelv-tankonyv-az-ai-2-osztalya-szamara\/"},"modified":"2021-10-20T11:46:48","modified_gmt":"2021-10-20T09:46:48","slug":"magyar-nyelv-tankonyv-az-ai-2-osztalya-szamara","status":"publish","type":"product","link":"https:\/\/terra-bratislava.sk\/sk\/produkt\/magyar-nyelv-tankonyv-az-ai-2-osztalya-szamara\/","title":{"rendered":"Ma\u010farsk\u00fd jazyk -U\u010debnica pre 2.ro\u010dn\u00edk Z\u0160"},"content":{"rendered":"<p>U\u010debnica Ma\u010farsk\u00fd jazyk je s\u00fa\u010das\u0165ou rodiny u\u010debn\u00edc SZIV\u00c1RV\u00c1NY. Obsahuje v\u0161etky potrebn\u00e9 inform\u00e1cie pre zvl\u00e1dnutie gramatiky, pravopisu a tvorby slohov\u00fdch \u00faloh, ktor\u00e9 ISCED-1 uklad\u00e1 \u017eiakom 2. triedy.<\/p>\n","protected":false},"excerpt":{"rendered":"<p>U\u010debnica Ma\u010farsk\u00fd jazyk je s\u00fa\u010das\u0165ou rodiny u\u010debn\u00edc SZIV\u00c1RV\u00c1NY. Obsahuje v\u0161etky potrebn\u00e9 inform\u00e1cie pre zvl\u00e1dnutie gramatiky, pravopisu a tvorby slohov\u00fdch \u00faloh, ktor\u00e9 ISCED-1 uklad\u00e1 \u017eiakom 2. triedy.<\/p>\n","protected":false},"featured_media":2880,"template":"","meta":[],"product_cat":[368,373,350],"product_tag":[],"_links":{"self":[{"href":"https:\/\/terra-bratislava.sk\/sk\/wp-json\/wp\/v2\/product\/57411"}],"collection":[{"href":"https:\/\/terra-bratislava.sk\/sk\/wp-json\/wp\/v2\/product"}],"about":[{"href":"https:\/\/terra-bratislava.sk\/sk\/wp-json\/wp\/v2\/types\/product"}],"wp:featuredmedia":[{"embeddable":true,"href":"https:\/\/terra-bratislava.sk\/sk\/wp-json\/wp\/v2\/media\/2880"}],"wp:attachment":[{"href":"https:\/\/terra-bratislava.sk\/sk\/wp-json\/wp\/v2\/media?parent=57411"}],"wp:term":[{"taxonomy":"product_cat","embeddable":true,"href":"https:\/\/terra-bratislava.sk\/sk\/wp-json\/wp\/v2\/product_cat?post=57411"},{"taxonomy":"product_tag","embeddable":true,"href":"https:\/\/terra-bratislava.sk\/sk\/wp-json\/wp\/v2\/product_tag?post=57411"}],"curies":[{"name":"wp","href":"https:\/\/api.w.org\/{rel}","templated":true}]}}