{"id":57412,"date":"2018-08-07T23:04:51","date_gmt":"2018-08-07T21:04:51","guid":{"rendered":"https:\/\/terra-bratislava.sk\/product\/falikepek\/"},"modified":"2021-10-20T11:47:53","modified_gmt":"2021-10-20T09:47:53","slug":"falikepek","status":"publish","type":"product","link":"https:\/\/terra-bratislava.sk\/sk\/produkt\/falikepek\/","title":{"rendered":"N\u00e1stenn\u00e9 obrazy"},"content":{"rendered":"<p>N\u00e1stenky s rovnak\u00fdm obsahom ako ozvu\u010den\u00e9 obr\u00e1zky maj\u00fa ve\u013ekos\u0165 A1. S\u00fa vyroben\u00e9 modernou technol\u00f3giou potla\u010de, ich materi\u00e1l je odoln\u00fd, st\u00e1lofarebn\u00fd.<\/p>\n","protected":false},"excerpt":{"rendered":"<p>N\u00e1stenky s rovnak\u00fdm obsahom ako ozvu\u010den\u00e9 obr\u00e1zky maj\u00fa ve\u013ekos\u0165 A1. S\u00fa vyroben\u00e9 modernou technol\u00f3giou potla\u010de, ich materi\u00e1l je odoln\u00fd, st\u00e1lofarebn\u00fd.<\/p>\n","protected":false},"featured_media":3006,"template":"","meta":[],"product_cat":[367,349],"product_tag":[],"_links":{"self":[{"href":"https:\/\/terra-bratislava.sk\/sk\/wp-json\/wp\/v2\/product\/57412"}],"collection":[{"href":"https:\/\/terra-bratislava.sk\/sk\/wp-json\/wp\/v2\/product"}],"about":[{"href":"https:\/\/terra-bratislava.sk\/sk\/wp-json\/wp\/v2\/types\/product"}],"wp:featuredmedia":[{"embeddable":true,"href":"https:\/\/terra-bratislava.sk\/sk\/wp-json\/wp\/v2\/media\/3006"}],"wp:attachment":[{"href":"https:\/\/terra-bratislava.sk\/sk\/wp-json\/wp\/v2\/media?parent=57412"}],"wp:term":[{"taxonomy":"product_cat","embeddable":true,"href":"https:\/\/terra-bratislava.sk\/sk\/wp-json\/wp\/v2\/product_cat?post=57412"},{"taxonomy":"product_tag","embeddable":true,"href":"https:\/\/terra-bratislava.sk\/sk\/wp-json\/wp\/v2\/product_tag?post=57412"}],"curies":[{"name":"wp","href":"https:\/\/api.w.org\/{rel}","templated":true}]}}