{"id":57413,"date":"2018-08-07T23:04:48","date_gmt":"2018-08-07T21:04:48","guid":{"rendered":"https:\/\/terra-bratislava.sk\/product\/szlovak-alapszokincs-az-ai-1-4-osztalya-szamara-interaktiv-tananyag-es-gyakorlatok\/"},"modified":"2021-10-20T11:48:27","modified_gmt":"2021-10-20T09:48:27","slug":"szlovak-alapszokincs-az-ai-1-4-osztalya-szamara-interaktiv-tananyag-es-gyakorlatok","status":"publish","type":"product","link":"https:\/\/terra-bratislava.sk\/sk\/produkt\/szlovak-alapszokincs-az-ai-1-4-osztalya-szamara-interaktiv-tananyag-es-gyakorlatok\/","title":{"rendered":"Z\u00e1kladn\u00e1 slovn\u00e1 z\u00e1soba pre 1.-4.ro\u010dn\u00edk Z\u0160(Ozvu\u010den\u00e9 obrazy-interakt\u00edvna cvi\u010debnica)"},"content":{"rendered":"<p>N\u00e1stenky s rovnak\u00fdm obsahom ako ozvu\u010den\u00e9 obr\u00e1zky maj\u00fa ve\u013ekos\u0165 A1. S\u00fa vyroben\u00e9 modernou technol\u00f3giou potla\u010de, ich materi\u00e1l je odoln\u00fd, st\u00e1lofarebn\u00fd.<\/p>\n","protected":false},"excerpt":{"rendered":"<p>N\u00e1stenky s rovnak\u00fdm obsahom ako ozvu\u010den\u00e9 obr\u00e1zky maj\u00fa ve\u013ekos\u0165 A1. S\u00fa vyroben\u00e9 modernou technol\u00f3giou potla\u010de, ich materi\u00e1l je odoln\u00fd, st\u00e1lofarebn\u00fd.<\/p>\n","protected":false},"featured_media":54282,"template":"","meta":[],"product_cat":[299],"product_tag":[],"_links":{"self":[{"href":"https:\/\/terra-bratislava.sk\/sk\/wp-json\/wp\/v2\/product\/57413"}],"collection":[{"href":"https:\/\/terra-bratislava.sk\/sk\/wp-json\/wp\/v2\/product"}],"about":[{"href":"https:\/\/terra-bratislava.sk\/sk\/wp-json\/wp\/v2\/types\/product"}],"wp:featuredmedia":[{"embeddable":true,"href":"https:\/\/terra-bratislava.sk\/sk\/wp-json\/wp\/v2\/media\/54282"}],"wp:attachment":[{"href":"https:\/\/terra-bratislava.sk\/sk\/wp-json\/wp\/v2\/media?parent=57413"}],"wp:term":[{"taxonomy":"product_cat","embeddable":true,"href":"https:\/\/terra-bratislava.sk\/sk\/wp-json\/wp\/v2\/product_cat?post=57413"},{"taxonomy":"product_tag","embeddable":true,"href":"https:\/\/terra-bratislava.sk\/sk\/wp-json\/wp\/v2\/product_tag?post=57413"}],"curies":[{"name":"wp","href":"https:\/\/api.w.org\/{rel}","templated":true}]}}