{"id":57415,"date":"2018-08-07T23:03:34","date_gmt":"2018-08-07T21:03:34","guid":{"rendered":"https:\/\/terra-bratislava.sk\/product\/kepkartyak-kiejtes-l-ch-a-o-l-r\/"},"modified":"2021-10-20T11:49:30","modified_gmt":"2021-10-20T09:49:30","slug":"kepkartyak-kiejtes-l-ch-a-o-l-r","status":"publish","type":"product","link":"https:\/\/terra-bratislava.sk\/sk\/produkt\/kepkartyak-kiejtes-l-ch-a-o-l-r\/","title":{"rendered":"Obr\u00e1zkov\u00e9 karty-Vyslovujeme:\u013e,ch,\u00e4,\u00f4,\u013e,\u0159"},"content":{"rendered":"<p>Praktick\u00e1 pom\u00f4cka pre u\u010dite\u013ea pri v\u00fduke slovensk\u00e9ho jazyka na prvom stupni Z\u0160 ( 36 laminovan\u00fdch kariet form\u00e1tu A5).<\/p>\n","protected":false},"excerpt":{"rendered":"<p>Praktick\u00e1 pom\u00f4cka pre u\u010dite\u013ea pri v\u00fduke slovensk\u00e9ho jazyka na prvom stupni Z\u0160<\/p>\n","protected":false},"featured_media":2992,"template":"","meta":[],"product_cat":[367,349],"product_tag":[],"_links":{"self":[{"href":"https:\/\/terra-bratislava.sk\/sk\/wp-json\/wp\/v2\/product\/57415"}],"collection":[{"href":"https:\/\/terra-bratislava.sk\/sk\/wp-json\/wp\/v2\/product"}],"about":[{"href":"https:\/\/terra-bratislava.sk\/sk\/wp-json\/wp\/v2\/types\/product"}],"wp:featuredmedia":[{"embeddable":true,"href":"https:\/\/terra-bratislava.sk\/sk\/wp-json\/wp\/v2\/media\/2992"}],"wp:attachment":[{"href":"https:\/\/terra-bratislava.sk\/sk\/wp-json\/wp\/v2\/media?parent=57415"}],"wp:term":[{"taxonomy":"product_cat","embeddable":true,"href":"https:\/\/terra-bratislava.sk\/sk\/wp-json\/wp\/v2\/product_cat?post=57415"},{"taxonomy":"product_tag","embeddable":true,"href":"https:\/\/terra-bratislava.sk\/sk\/wp-json\/wp\/v2\/product_tag?post=57415"}],"curies":[{"name":"wp","href":"https:\/\/api.w.org\/{rel}","templated":true}]}}