{"id":57416,"date":"2018-08-07T23:02:50","date_gmt":"2018-08-07T21:02:50","guid":{"rendered":"https:\/\/terra-bratislava.sk\/product\/kepkartyak-ten-ta-to-2\/"},"modified":"2021-10-20T11:50:03","modified_gmt":"2021-10-20T09:50:03","slug":"kepkartyak-ten-ta-to","status":"publish","type":"product","link":"https:\/\/terra-bratislava.sk\/sk\/produkt\/kepkartyak-ten-ta-to\/","title":{"rendered":"Obr\u00e1zkov\u00e9 karty-Ten,t\u00e1,to"},"content":{"rendered":"<p>Praktick\u00e1 pom\u00f4cka pre u\u010dite\u013ea pri v\u00fduke slovensk\u00e9ho jazyka na prvom stupni Z\u0160.( 28 laminovan\u00fdch kariet form\u00e1ru A5).<\/p>\n","protected":false},"excerpt":{"rendered":"<p>Praktick\u00e1 pom\u00f4cka pre u\u010dite\u013ea pri v\u00fduke slovensk\u00e9ho jazyka na prvom stupni Z\u0160<\/p>\n","protected":false},"featured_media":2990,"template":"","meta":[],"product_cat":[367,349],"product_tag":[],"_links":{"self":[{"href":"https:\/\/terra-bratislava.sk\/sk\/wp-json\/wp\/v2\/product\/57416"}],"collection":[{"href":"https:\/\/terra-bratislava.sk\/sk\/wp-json\/wp\/v2\/product"}],"about":[{"href":"https:\/\/terra-bratislava.sk\/sk\/wp-json\/wp\/v2\/types\/product"}],"wp:featuredmedia":[{"embeddable":true,"href":"https:\/\/terra-bratislava.sk\/sk\/wp-json\/wp\/v2\/media\/2990"}],"wp:attachment":[{"href":"https:\/\/terra-bratislava.sk\/sk\/wp-json\/wp\/v2\/media?parent=57416"}],"wp:term":[{"taxonomy":"product_cat","embeddable":true,"href":"https:\/\/terra-bratislava.sk\/sk\/wp-json\/wp\/v2\/product_cat?post=57416"},{"taxonomy":"product_tag","embeddable":true,"href":"https:\/\/terra-bratislava.sk\/sk\/wp-json\/wp\/v2\/product_tag?post=57416"}],"curies":[{"name":"wp","href":"https:\/\/api.w.org\/{rel}","templated":true}]}}