{"id":57417,"date":"2018-08-07T23:01:33","date_gmt":"2018-08-07T21:01:33","guid":{"rendered":"https:\/\/terra-bratislava.sk\/product\/cd-szlovak-nyelv-az-ai-1-osztalya-szamara-hanfelvetelek\/"},"modified":"2021-10-20T11:50:52","modified_gmt":"2021-10-20T09:50:52","slug":"cd-szlovak-nyelv-az-ai-1-osztalya-szamara-hanfelvetelek","status":"publish","type":"product","link":"https:\/\/terra-bratislava.sk\/sk\/produkt\/cd-szlovak-nyelv-az-ai-1-osztalya-szamara-hanfelvetelek\/","title":{"rendered":"Slovensk\u00fd jazyk pre 1.ro\u010dn\u00edk Z\u0160,CD1+CD2(Zvukov\u00e9 nahr\u00e1vky)"},"content":{"rendered":"<p>2 CD-disky obsahuj\u00fa kompletn\u00fd zvukov\u00fd materi\u00e1l u\u010debn\u00edc sloven\u010diny pre 1. triedu z\u00e1kladnej \u0161koly.<\/p>\n","protected":false},"excerpt":{"rendered":"<p>2 CD-disky obsahuj\u00fa kompletn\u00fd zvukov\u00fd materi\u00e1l u\u010debn\u00edc sloven\u010diny pre 1. triedu z\u00e1kladnej \u0161koly.<\/p>\n","protected":false},"featured_media":3004,"template":"","meta":[],"product_cat":[349],"product_tag":[],"_links":{"self":[{"href":"https:\/\/terra-bratislava.sk\/sk\/wp-json\/wp\/v2\/product\/57417"}],"collection":[{"href":"https:\/\/terra-bratislava.sk\/sk\/wp-json\/wp\/v2\/product"}],"about":[{"href":"https:\/\/terra-bratislava.sk\/sk\/wp-json\/wp\/v2\/types\/product"}],"wp:featuredmedia":[{"embeddable":true,"href":"https:\/\/terra-bratislava.sk\/sk\/wp-json\/wp\/v2\/media\/3004"}],"wp:attachment":[{"href":"https:\/\/terra-bratislava.sk\/sk\/wp-json\/wp\/v2\/media?parent=57417"}],"wp:term":[{"taxonomy":"product_cat","embeddable":true,"href":"https:\/\/terra-bratislava.sk\/sk\/wp-json\/wp\/v2\/product_cat?post=57417"},{"taxonomy":"product_tag","embeddable":true,"href":"https:\/\/terra-bratislava.sk\/sk\/wp-json\/wp\/v2\/product_tag?post=57417"}],"curies":[{"name":"wp","href":"https:\/\/api.w.org\/{rel}","templated":true}]}}