{"id":57418,"date":"2018-08-07T23:01:12","date_gmt":"2018-08-07T21:01:12","guid":{"rendered":"https:\/\/terra-bratislava.sk\/product\/pexeso\/"},"modified":"2021-10-20T11:51:53","modified_gmt":"2021-10-20T09:51:53","slug":"pexeso","status":"publish","type":"product","link":"https:\/\/terra-bratislava.sk\/sk\/produkt\/pexeso\/","title":{"rendered":"Memory hry (Pexeso)"},"content":{"rendered":"<p>Memory hry m\u00e1 332 obr\u00e1zkov\u00fdch dvoj\u00edc,spolu 664 obr\u00e1zkov.Hraj\u00fa najmenej dve deti.Obr\u00e1zky treba po roztihan\u00fd pomie\u0161a\u0165 a rozlo\u017ei\u0165 na vo\u013en\u00fa plochu ved\u013ea seba obr\u00e1zkami dolu.Ka\u017ed\u00fd hr\u00e1\u010d oto\u010d\u00ed jednu karti\u010dku a oto\u010den\u00edm druhej karti\u010dky h\u013ead\u00e1 k obr\u00e1zku dvojicu.Ak neuh\u00e1dne,vr\u00e1ti obr\u00e1zok do p\u00f4vodnej polohy.Ak uh\u00e1dne dvojicu obr\u00e1zkov si odlo\u017e\u00ed.Vyhr\u00e1va ten,kto po skon\u010den\u00ed hry m\u00e1 najviac obr\u00e1zkov\u00fdch dvoj\u00edc.<\/p>\n","protected":false},"excerpt":{"rendered":"<p>V tejto hre si deti m\u00f4\u017eu precvi\u010di\u0165 n\u00e1zvy \u0161kolsk\u00fdch potrieb, zvierat, rastl\u00edn, ovocia, kvetov, dopravn\u00fdch prostriedkov, potrav\u00edn at\u010f.<\/p>\n","protected":false},"featured_media":3013,"template":"","meta":[],"product_cat":[367,349],"product_tag":[],"_links":{"self":[{"href":"https:\/\/terra-bratislava.sk\/sk\/wp-json\/wp\/v2\/product\/57418"}],"collection":[{"href":"https:\/\/terra-bratislava.sk\/sk\/wp-json\/wp\/v2\/product"}],"about":[{"href":"https:\/\/terra-bratislava.sk\/sk\/wp-json\/wp\/v2\/types\/product"}],"wp:featuredmedia":[{"embeddable":true,"href":"https:\/\/terra-bratislava.sk\/sk\/wp-json\/wp\/v2\/media\/3013"}],"wp:attachment":[{"href":"https:\/\/terra-bratislava.sk\/sk\/wp-json\/wp\/v2\/media?parent=57418"}],"wp:term":[{"taxonomy":"product_cat","embeddable":true,"href":"https:\/\/terra-bratislava.sk\/sk\/wp-json\/wp\/v2\/product_cat?post=57418"},{"taxonomy":"product_tag","embeddable":true,"href":"https:\/\/terra-bratislava.sk\/sk\/wp-json\/wp\/v2\/product_tag?post=57418"}],"curies":[{"name":"wp","href":"https:\/\/api.w.org\/{rel}","templated":true}]}}