{"id":57420,"date":"2018-08-07T23:01:10","date_gmt":"2018-08-07T21:01:10","guid":{"rendered":"https:\/\/terra-bratislava.sk\/product\/szlovak-nyelv-az-ai-1-osztalya-szamara-munkafuzet\/"},"modified":"2021-10-20T11:52:39","modified_gmt":"2021-10-20T09:52:39","slug":"szlovak-nyelv-az-ai-1-osztalya-szamara-munkafuzet","status":"publish","type":"product","link":"https:\/\/terra-bratislava.sk\/sk\/produkt\/szlovak-nyelv-az-ai-1-osztalya-szamara-munkafuzet\/","title":{"rendered":"Metodick\u00e1 pr\u00edru\u010dka k u\u010debniciam a pracovn\u00e9mu zo\u0161itu zo slovensk\u00e9ho jazyka pre 1.ro\u010dn\u00edk Z\u0160"},"content":{"rendered":"<p>Patr\u00ed k s\u00faboru Slovensk\u00fd jazyk pre 1.ro\u010dn\u00edk Z\u0160 s VJM a vysvet\u013euje koncepciu u\u010debnice a pracovn\u00e9ho zo\u0161ita.<\/p>\n","protected":false},"excerpt":{"rendered":"<p>Patr\u00ed k s\u00faboru Slovensk\u00fd jazyk pre 1. ro\u010dn\u00edk Z\u0160 s VJM a vysvet\u013euje koncepciu u\u010debnice a pracovn\u00e9ho zo\u0161ita.<br \/>\n<a href=\"#ai1sk_03\" data-fb-id=\"ai1sk_03\" data-fb-fs=\"#ededed|95|true\" class=\"rfbwp-popup-book button \">Uk\u00e1\u017eka<\/a><\/p>\n","protected":false},"featured_media":2842,"template":"","meta":[],"product_cat":[286,350,378],"product_tag":[],"_links":{"self":[{"href":"https:\/\/terra-bratislava.sk\/sk\/wp-json\/wp\/v2\/product\/57420"}],"collection":[{"href":"https:\/\/terra-bratislava.sk\/sk\/wp-json\/wp\/v2\/product"}],"about":[{"href":"https:\/\/terra-bratislava.sk\/sk\/wp-json\/wp\/v2\/types\/product"}],"wp:featuredmedia":[{"embeddable":true,"href":"https:\/\/terra-bratislava.sk\/sk\/wp-json\/wp\/v2\/media\/2842"}],"wp:attachment":[{"href":"https:\/\/terra-bratislava.sk\/sk\/wp-json\/wp\/v2\/media?parent=57420"}],"wp:term":[{"taxonomy":"product_cat","embeddable":true,"href":"https:\/\/terra-bratislava.sk\/sk\/wp-json\/wp\/v2\/product_cat?post=57420"},{"taxonomy":"product_tag","embeddable":true,"href":"https:\/\/terra-bratislava.sk\/sk\/wp-json\/wp\/v2\/product_tag?post=57420"}],"curies":[{"name":"wp","href":"https:\/\/api.w.org\/{rel}","templated":true}]}}