{"id":57422,"date":"2018-08-07T23:01:09","date_gmt":"2018-08-07T21:01:09","guid":{"rendered":"https:\/\/terra-bratislava.sk\/product\/szlovak-nyelv-az-ai-1-osztalya-szamara-2-resz\/"},"modified":"2021-10-20T11:53:34","modified_gmt":"2021-10-20T09:53:34","slug":"szlovak-nyelv-az-ai-1-osztalya-szamara-2-resz","status":"publish","type":"product","link":"https:\/\/terra-bratislava.sk\/sk\/produkt\/szlovak-nyelv-az-ai-1-osztalya-szamara-2-resz\/","title":{"rendered":"Slovensk\u00fd jazyk pre 1.ro\u010dn\u00edk Z\u0160 -U\u010debnica 2.\u010das\u0165"},"content":{"rendered":"<p>U\u010debnice Ypsilon 1 a pracovn\u00fd zo\u0161it vych\u00e1dzaj\u00e1 z dlhoro\u010dn\u00fdch pedagogick\u00fdch sk\u00fasenost\u00ed autorov,ako aj zo z\u00e1hrani\u010dn\u00fdch in\u0161pir\u00e1ci\u00ed.\u010cerpali sme mno\u017estvo n\u00e1padov z u\u010debn\u00edc,z pedagogickej odbornej literat\u00fary na vyu\u010dovanie cudz\u00edch jazykov v mlad\u0161om \u0161kolskom veku.Prihliadali sme na platn\u00e9 pedagogick\u00e9 dokumenty a z\u00e1v\u00e4zn\u00e9 dokumenty Eur\u00f3pskej \u00fanie.<\/p>\n","protected":false},"excerpt":{"rendered":"<p>U\u010debnice Ypsilon 1 a pracovn\u00fd zo\u0161it vych\u00e1dzaj\u00fa z dlhoro\u010dn\u00fdch pedagogick\u00fdch sk\u00fasenost\u00ed autorov, ako aj zo zahrani\u010dn\u00fdch in\u0161pir\u00e1ci\u00ed. \u010cerpali sme mno\u017estvo n\u00e1padov z u\u010debn\u00edc pedagogickej odbornej literat\u00fary na vyu\u010dovanie cudz\u00edch jazykov v mlad\u0161om \u0161kolskom veku. Prihliadali sme na platn\u00e9 pedagogick\u00e9 dokumenty a z\u00e1v\u00e4zn\u00e9 dokumenty Eur\u00f3pskej \u00fanie.<br \/>\n<a href=\"#ai1sk_02\" data-fb-id=\"ai1sk_02\" data-fb-fs=\"#ededed|95|true\" class=\"rfbwp-popup-book button \">Uk\u00e1\u017eka<\/a><\/p>\n","protected":false},"featured_media":2841,"template":"","meta":[],"product_cat":[286,378],"product_tag":[],"_links":{"self":[{"href":"https:\/\/terra-bratislava.sk\/sk\/wp-json\/wp\/v2\/product\/57422"}],"collection":[{"href":"https:\/\/terra-bratislava.sk\/sk\/wp-json\/wp\/v2\/product"}],"about":[{"href":"https:\/\/terra-bratislava.sk\/sk\/wp-json\/wp\/v2\/types\/product"}],"wp:featuredmedia":[{"embeddable":true,"href":"https:\/\/terra-bratislava.sk\/sk\/wp-json\/wp\/v2\/media\/2841"}],"wp:attachment":[{"href":"https:\/\/terra-bratislava.sk\/sk\/wp-json\/wp\/v2\/media?parent=57422"}],"wp:term":[{"taxonomy":"product_cat","embeddable":true,"href":"https:\/\/terra-bratislava.sk\/sk\/wp-json\/wp\/v2\/product_cat?post=57422"},{"taxonomy":"product_tag","embeddable":true,"href":"https:\/\/terra-bratislava.sk\/sk\/wp-json\/wp\/v2\/product_tag?post=57422"}],"curies":[{"name":"wp","href":"https:\/\/api.w.org\/{rel}","templated":true}]}}