{"id":57423,"date":"2018-08-07T23:01:07","date_gmt":"2018-08-07T21:01:07","guid":{"rendered":"https:\/\/terra-bratislava.sk\/product\/betuhivokeszlet-44-db-hivokeppel\/"},"modified":"2021-10-20T11:55:11","modified_gmt":"2021-10-20T09:55:11","slug":"betuhivokeszlet-44-db-hivokeppel","status":"publish","type":"product","link":"https:\/\/terra-bratislava.sk\/sk\/produkt\/betuhivokeszlet-44-db-hivokeppel\/","title":{"rendered":"N\u00e1povedn\u00e9 obrazy k \u0161labik\u00e1ru"},"content":{"rendered":"<p>S\u00e9ria farebn\u00fdch obr\u00e1zkov obsahuje tla\u010den\u00e9 aj p\u00edsan\u00e9, ako aj ve\u013ek\u00e9 a mal\u00e9 p\u00edsmen\u00e1. Stru\u010dn\u00e9 a v\u00fdsti\u017en\u00e9 obr\u00e1zky u\u013eah\u010duj\u00fa zvl\u00e1dnutie p\u00edsmen.<\/p>\n","protected":false},"excerpt":{"rendered":"<p>S\u00e9ria farebn\u00fdch obr\u00e1zkov obsahuje tla\u010den\u00e9 aj p\u00edsan\u00e9, ako aj ve\u013ek\u00e9 a mal\u00e9 p\u00edsmen\u00e1. Stru\u010dn\u00e9 a v\u00fdsti\u017en\u00e9 obr\u00e1zky u\u013eah\u010duj\u00fa zvl\u00e1dnutie p\u00edsmen.<\/p>\n","protected":false},"featured_media":3000,"template":"","meta":[],"product_cat":[380],"product_tag":[],"_links":{"self":[{"href":"https:\/\/terra-bratislava.sk\/sk\/wp-json\/wp\/v2\/product\/57423"}],"collection":[{"href":"https:\/\/terra-bratislava.sk\/sk\/wp-json\/wp\/v2\/product"}],"about":[{"href":"https:\/\/terra-bratislava.sk\/sk\/wp-json\/wp\/v2\/types\/product"}],"wp:featuredmedia":[{"embeddable":true,"href":"https:\/\/terra-bratislava.sk\/sk\/wp-json\/wp\/v2\/media\/3000"}],"wp:attachment":[{"href":"https:\/\/terra-bratislava.sk\/sk\/wp-json\/wp\/v2\/media?parent=57423"}],"wp:term":[{"taxonomy":"product_cat","embeddable":true,"href":"https:\/\/terra-bratislava.sk\/sk\/wp-json\/wp\/v2\/product_cat?post=57423"},{"taxonomy":"product_tag","embeddable":true,"href":"https:\/\/terra-bratislava.sk\/sk\/wp-json\/wp\/v2\/product_tag?post=57423"}],"curies":[{"name":"wp","href":"https:\/\/api.w.org\/{rel}","templated":true}]}}