{"id":57425,"date":"2018-08-07T23:01:05","date_gmt":"2018-08-07T21:01:05","guid":{"rendered":"https:\/\/terra-bratislava.sk\/product\/irasfuzet-az-ai-1-osztalya-szamara\/"},"modified":"2021-10-20T11:56:17","modified_gmt":"2021-10-20T09:56:17","slug":"irasfuzet-az-ai-1-osztalya-szamara","status":"publish","type":"product","link":"https:\/\/terra-bratislava.sk\/sk\/produkt\/irasfuzet-az-ai-1-osztalya-szamara\/","title":{"rendered":"P\u00edsanka pre 1.ro\u010dn\u00edk Z\u0160"},"content":{"rendered":"<p>Zo\u0161it pom\u00e1ha prv\u00e1\u010dikom nau\u010di\u0165 sa a precvi\u010di\u0165 si v\u0161etky p\u00edsan\u00e9 mal\u00e9, ve\u013ek\u00e9 p\u00edsmen\u00e1 a ich kombin\u00e1cie, za\u010d\u00ednaj\u00fac obrysom prvkov p\u00edsma.<\/p>\n","protected":false},"excerpt":{"rendered":"<p>Zo\u0161it pom\u00e1ha prv\u00e1\u010dikom nau\u010di\u0165 sa a precvi\u010di\u0165 si v\u0161etky p\u00edsan\u00e9 mal\u00e9, ve\u013ek\u00e9 p\u00edsmen\u00e1 a ich kombin\u00e1cie, za\u010d\u00ednaj\u00fac obrysom prvkov p\u00edsma. <a href=\"#ai1hu_04\" data-fb-id=\"ai1hu_04\" data-fb-fs=\"#ededed|95|true\" class=\"rfbwp-popup-book button \">Uk\u00e1\u017eka<\/a><\/p>\n","protected":false},"featured_media":2839,"template":"","meta":[],"product_cat":[286,290],"product_tag":[],"_links":{"self":[{"href":"https:\/\/terra-bratislava.sk\/sk\/wp-json\/wp\/v2\/product\/57425"}],"collection":[{"href":"https:\/\/terra-bratislava.sk\/sk\/wp-json\/wp\/v2\/product"}],"about":[{"href":"https:\/\/terra-bratislava.sk\/sk\/wp-json\/wp\/v2\/types\/product"}],"wp:featuredmedia":[{"embeddable":true,"href":"https:\/\/terra-bratislava.sk\/sk\/wp-json\/wp\/v2\/media\/2839"}],"wp:attachment":[{"href":"https:\/\/terra-bratislava.sk\/sk\/wp-json\/wp\/v2\/media?parent=57425"}],"wp:term":[{"taxonomy":"product_cat","embeddable":true,"href":"https:\/\/terra-bratislava.sk\/sk\/wp-json\/wp\/v2\/product_cat?post=57425"},{"taxonomy":"product_tag","embeddable":true,"href":"https:\/\/terra-bratislava.sk\/sk\/wp-json\/wp\/v2\/product_tag?post=57425"}],"curies":[{"name":"wp","href":"https:\/\/api.w.org\/{rel}","templated":true}]}}