{"id":57426,"date":"2018-08-07T23:01:04","date_gmt":"2018-08-07T21:01:04","guid":{"rendered":"https:\/\/terra-bratislava.sk\/product\/olvasokonyv-az-ai-1-osztalya-szamara-szivarvany\/"},"modified":"2021-10-20T11:56:59","modified_gmt":"2021-10-20T09:56:59","slug":"olvasokonyv-az-ai-1-osztalya-szamara-szivarvany","status":"publish","type":"product","link":"https:\/\/terra-bratislava.sk\/sk\/produkt\/olvasokonyv-az-ai-1-osztalya-szamara-szivarvany\/","title":{"rendered":"\u010c\u00edtanka pre 1.ro\u010dn\u00edk Z\u0160"},"content":{"rendered":"<p>\u010c\u00edtanka je pokra\u010dovan\u00edm \u0160labik\u00e1ra. Poskytuje dostatok u\u010diva pre obdobie po u\u010den\u00ed sa p\u00edsmen\u00e1m. Novinkou tejto knihy je, \u017ee k textom s\u00fa pripojen\u00e9 aj ot\u00e1zky, \u00falohy, ktor\u00e9 pom\u00e1haj\u00fa pri spracov\u00e1van\u00ed textu. Tieto \u00falohy rozv\u00edjaj\u00fa k\u013e\u00fa\u010dov\u00e9 kompetencie \u017eiaka. S\u00fa to: zistenie pr\u00ed\u010diny a n\u00e1sledku, zd\u00f4raznenie podstaty, pos\u00fadenie pravdivosti, formulovanie vlastnost\u00ed, vlastn\u00fdch z\u00e1\u017eitkov a pocitov, rozpoznanie sledu udalost\u00ed, harmoniz\u00e1cie r\u00fdmova\u010diek, vn\u00edmanie rytmu, uplat\u0148ovanie jazykov\u00fdch vedomost\u00ed, pam\u00e4te, pozornosti. Sl\u00fa\u017ei na osvojenie si techniky porozumenia textom r\u00f4znymi a v\u0161estrann\u00fdmi sp\u00f4sobmi.<\/p>\n","protected":false},"excerpt":{"rendered":"<p>\u010c\u00edtanka je pokra\u010dovan\u00edm \u0160labik\u00e1ra. Poskytuje dostatok u\u010diva pre obdobie po u\u010den\u00ed sa p\u00edsmen\u00e1m. Novinkou tejto knihy je, \u017ee k textom s\u00fa pripojen\u00e9 aj ot\u00e1zky, \u00falohy, ktor\u00e9 pom\u00e1haj\u00fa pri spracov\u00e1van\u00ed textu. Tieto \u00falohy rozv\u00edjaj\u00fa k\u013e\u00fa\u010dov\u00e9 kompetencie \u017eiaka. S\u00fa to: zistenie pr\u00ed\u010diny a n\u00e1sledku, zd\u00f4raznenie podstaty, pos\u00fadenie pravdivosti, formulovanie vlastnost\u00ed, vlastn\u00fdch z\u00e1\u017eitkov a pocitov, rozpoznanie sledu udalost\u00ed, harmoniz\u00e1cie r\u00fdmova\u010diek, vn\u00edmanie rytmu, uplat\u0148ovanie jazykov\u00fdch vedomost\u00ed, pam\u00e4te, pozornosti. Sl\u00fa\u017ei na osvojenie si techniky porozumenia textom r\u00f4znymi a v\u0161estrann\u00fdmi sp\u00f4sobmi. <a href=\"#ai1hu_03\" data-fb-id=\"ai1hu_03\" data-fb-fs=\"#ededed|95|true\" class=\"rfbwp-popup-book button \">Uk\u00e1\u017eka<\/a><\/p>\n","protected":false},"featured_media":2838,"template":"","meta":[],"product_cat":[286,290],"product_tag":[],"_links":{"self":[{"href":"https:\/\/terra-bratislava.sk\/sk\/wp-json\/wp\/v2\/product\/57426"}],"collection":[{"href":"https:\/\/terra-bratislava.sk\/sk\/wp-json\/wp\/v2\/product"}],"about":[{"href":"https:\/\/terra-bratislava.sk\/sk\/wp-json\/wp\/v2\/types\/product"}],"wp:featuredmedia":[{"embeddable":true,"href":"https:\/\/terra-bratislava.sk\/sk\/wp-json\/wp\/v2\/media\/2838"}],"wp:attachment":[{"href":"https:\/\/terra-bratislava.sk\/sk\/wp-json\/wp\/v2\/media?parent=57426"}],"wp:term":[{"taxonomy":"product_cat","embeddable":true,"href":"https:\/\/terra-bratislava.sk\/sk\/wp-json\/wp\/v2\/product_cat?post=57426"},{"taxonomy":"product_tag","embeddable":true,"href":"https:\/\/terra-bratislava.sk\/sk\/wp-json\/wp\/v2\/product_tag?post=57426"}],"curies":[{"name":"wp","href":"https:\/\/api.w.org\/{rel}","templated":true}]}}